{"id":903,"date":"2023-12-02T13:51:14","date_gmt":"2023-12-02T13:51:14","guid":{"rendered":"https:\/\/gerardoschmedling.com\/blog\/?post_type=product&#038;p=903"},"modified":"2024-08-21T16:44:33","modified_gmt":"2024-08-21T16:44:33","slug":"coleccion-completa-de-todos-los-manuales","status":"publish","type":"product","link":"https:\/\/gerardoschmedling.com\/blog\/producto\/coleccion-completa-de-todos-los-manuales\/","title":{"rendered":"Colecci\u00f3n Completa De Todos Los Manuales"},"content":{"rendered":"","protected":false},"excerpt":{"rendered":"<p>Aqu\u00ed podr\u00e1s encontrar toda la informaci\u00f3n de sabidur\u00eda para aprender a SER FELIZ. Este producto contiene los 17 manuales de estudio originalmente escritos por Gerardo Schmedling y que hacen parte de la Obra Fundamental de Escuela de Magia del Amor \u201cMaestr\u00eda En Amor Para Aquellos Que Ya No Necesitan Sufrir M\u00e1s\u201d. Cada uno viene en tama\u00f1o carta, argollado, con pasta blanda y contiene suficiente espacio en blanco en su interior para escribir durante el proceso de autoestudio. Podemos enviarte la colecci\u00f3n a tu domicilio a nivel nacional.<\/p>\n<p>Prop\u00f3sito fundamental del presente m\u00f3dulo.<\/p>\n<p><img loading=\"lazy\" decoding=\"async\" class=\"alignnone size-medium wp-image-221\" src=\"https:\/\/gerardoschmedling.com\/blog\/wp-content\/uploads\/2023\/11\/Recurso-1-300x32.jpg\" alt=\"\" width=\"300\" height=\"32\" srcset=\"https:\/\/gerardoschmedling.com\/blog\/wp-content\/uploads\/2023\/11\/Recurso-1-300x32.jpg 300w, https:\/\/gerardoschmedling.com\/blog\/wp-content\/uploads\/2023\/11\/Recurso-1-600x64.jpg 600w, https:\/\/gerardoschmedling.com\/blog\/wp-content\/uploads\/2023\/11\/Recurso-1-1024x109.jpg 1024w, https:\/\/gerardoschmedling.com\/blog\/wp-content\/uploads\/2023\/11\/Recurso-1-768x82.jpg 768w, https:\/\/gerardoschmedling.com\/blog\/wp-content\/uploads\/2023\/11\/Recurso-1.jpg 1171w\" sizes=\"auto, (max-width: 300px) 100vw, 300px\" \/><\/p>\n","protected":false},"featured_media":1611,"comment_status":"open","ping_status":"closed","template":"","meta":[],"product_brand":[],"product_cat":[28],"product_tag":[],"class_list":{"0":"post-903","1":"product","2":"type-product","3":"status-publish","4":"has-post-thumbnail","6":"product_cat-manuales","7":"product_shipping_class-estandar","9":"first","10":"instock","11":"taxable","12":"shipping-taxable","13":"purchasable","14":"product-type-simple"},"_links":{"self":[{"href":"https:\/\/gerardoschmedling.com\/blog\/wp-json\/wp\/v2\/product\/903","targetHints":{"allow":["GET"]}}],"collection":[{"href":"https:\/\/gerardoschmedling.com\/blog\/wp-json\/wp\/v2\/product"}],"about":[{"href":"https:\/\/gerardoschmedling.com\/blog\/wp-json\/wp\/v2\/types\/product"}],"replies":[{"embeddable":true,"href":"https:\/\/gerardoschmedling.com\/blog\/wp-json\/wp\/v2\/comments?post=903"}],"wp:featuredmedia":[{"embeddable":true,"href":"https:\/\/gerardoschmedling.com\/blog\/wp-json\/wp\/v2\/media\/1611"}],"wp:attachment":[{"href":"https:\/\/gerardoschmedling.com\/blog\/wp-json\/wp\/v2\/media?parent=903"}],"wp:term":[{"taxonomy":"product_brand","embeddable":true,"href":"https:\/\/gerardoschmedling.com\/blog\/wp-json\/wp\/v2\/product_brand?post=903"},{"taxonomy":"product_cat","embeddable":true,"href":"https:\/\/gerardoschmedling.com\/blog\/wp-json\/wp\/v2\/product_cat?post=903"},{"taxonomy":"product_tag","embeddable":true,"href":"https:\/\/gerardoschmedling.com\/blog\/wp-json\/wp\/v2\/product_tag?post=903"}],"curies":[{"name":"wp","href":"https:\/\/api.w.org\/{rel}","templated":true}]}}