{"id":656,"date":"2023-11-30T15:16:55","date_gmt":"2023-11-30T15:16:55","guid":{"rendered":"https:\/\/gerardoschmedling.com\/blog\/?post_type=product&#038;p=656"},"modified":"2024-08-21T16:45:57","modified_gmt":"2024-08-21T16:45:57","slug":"las-leyes-universales-en-la-vida-diaria-manual","status":"publish","type":"product","link":"https:\/\/gerardoschmedling.com\/blog\/producto\/las-leyes-universales-en-la-vida-diaria-manual\/","title":{"rendered":"Las Leyes Universales en la Vida Diaria (Manual)"},"content":{"rendered":"<p>[elementor-template id=\u00bb763&#8243;]<\/p>\n","protected":false},"excerpt":{"rendered":"<p>El estudio de las leyes universales que rigen y mantienen todos los procesos del universo sus caracter\u00edsticas y funciones.<\/p>\n<p>Aprender\u00e1s que existen leyes superiores que rigen todo lo que est\u00e1 dentro del universo, aprender a reconocerlas, respetarlas y fluir con ellas, es parte del nuevo camino que recorreremos.<\/p>\n<p>En su orden descendente son: amor, manifestaci\u00f3n, polaridad, evoluci\u00f3n, correspondencia, armon\u00eda y naturaleza.<\/p>\n<p><img loading=\"lazy\" decoding=\"async\" class=\"alignnone size-medium wp-image-221\" src=\"https:\/\/gerardoschmedling.com\/blog\/wp-content\/uploads\/2023\/11\/Recurso-1-300x32.jpg\" alt=\"\" width=\"300\" height=\"32\" srcset=\"https:\/\/gerardoschmedling.com\/blog\/wp-content\/uploads\/2023\/11\/Recurso-1-300x32.jpg 300w, https:\/\/gerardoschmedling.com\/blog\/wp-content\/uploads\/2023\/11\/Recurso-1-600x64.jpg 600w, https:\/\/gerardoschmedling.com\/blog\/wp-content\/uploads\/2023\/11\/Recurso-1-1024x109.jpg 1024w, https:\/\/gerardoschmedling.com\/blog\/wp-content\/uploads\/2023\/11\/Recurso-1-768x82.jpg 768w, https:\/\/gerardoschmedling.com\/blog\/wp-content\/uploads\/2023\/11\/Recurso-1.jpg 1171w\" sizes=\"auto, (max-width: 300px) 100vw, 300px\" \/><\/p>\n","protected":false},"featured_media":1610,"comment_status":"open","ping_status":"closed","template":"","meta":[],"product_brand":[],"product_cat":[28],"product_tag":[],"class_list":{"0":"post-656","1":"product","2":"type-product","3":"status-publish","4":"has-post-thumbnail","6":"product_cat-manuales","7":"product_shipping_class-estandar","9":"first","10":"instock","11":"taxable","12":"shipping-taxable","13":"purchasable","14":"product-type-simple"},"_links":{"self":[{"href":"https:\/\/gerardoschmedling.com\/blog\/wp-json\/wp\/v2\/product\/656","targetHints":{"allow":["GET"]}}],"collection":[{"href":"https:\/\/gerardoschmedling.com\/blog\/wp-json\/wp\/v2\/product"}],"about":[{"href":"https:\/\/gerardoschmedling.com\/blog\/wp-json\/wp\/v2\/types\/product"}],"replies":[{"embeddable":true,"href":"https:\/\/gerardoschmedling.com\/blog\/wp-json\/wp\/v2\/comments?post=656"}],"wp:featuredmedia":[{"embeddable":true,"href":"https:\/\/gerardoschmedling.com\/blog\/wp-json\/wp\/v2\/media\/1610"}],"wp:attachment":[{"href":"https:\/\/gerardoschmedling.com\/blog\/wp-json\/wp\/v2\/media?parent=656"}],"wp:term":[{"taxonomy":"product_brand","embeddable":true,"href":"https:\/\/gerardoschmedling.com\/blog\/wp-json\/wp\/v2\/product_brand?post=656"},{"taxonomy":"product_cat","embeddable":true,"href":"https:\/\/gerardoschmedling.com\/blog\/wp-json\/wp\/v2\/product_cat?post=656"},{"taxonomy":"product_tag","embeddable":true,"href":"https:\/\/gerardoschmedling.com\/blog\/wp-json\/wp\/v2\/product_tag?post=656"}],"curies":[{"name":"wp","href":"https:\/\/api.w.org\/{rel}","templated":true}]}}