{"id":599,"date":"2023-11-30T14:13:25","date_gmt":"2023-11-30T14:13:25","guid":{"rendered":"https:\/\/gerardoschmedling.com\/blog\/?post_type=product&#038;p=599"},"modified":"2024-11-05T15:54:06","modified_gmt":"2024-11-05T15:54:06","slug":"la-felicidad-en-pareja-y-familia-argollado","status":"publish","type":"product","link":"https:\/\/gerardoschmedling.com\/blog\/producto\/la-felicidad-en-pareja-y-familia-argollado\/","title":{"rendered":"La Felicidad en Pareja y Familia (Manual)"},"content":{"rendered":"<p>[elementor-template id=\u00bb711&#8243;]<\/p>\n","protected":false},"excerpt":{"rendered":"<div class=\"et_pb_module et_pb_text et_pb_text_0 et_pb_text_align_left et_pb_bg_layout_light\">\n<div class=\"et_pb_text_inner\">\n<div class=\"et_pb_module et_pb_text et_pb_text_0 et_pb_text_align_left et_pb_bg_layout_light\">\n<div class=\"et_pb_text_inner\">\n<div class=\"elementor-element elementor-element-e6839a5 elementor-widget elementor-widget-text-editor\" data-id=\"e6839a5\" data-element_type=\"widget\" data-widget_type=\"text-editor.default\">\n<div class=\"elementor-widget-container\">\n<div class=\"elementor-text-editor elementor-clearfix\">\n<p><span style=\"color: #000000;\">\u00bfTe imaginas construir la sociedad ideal que alguna vez so\u00f1aste y, que adem\u00e1s, tengas la facultad de establecer y acordar con los dem\u00e1s las propias normas de funcionamiento y comportamiento de esta sociedad.<\/span><\/p>\n<\/div>\n<\/div>\n<\/div>\n<\/div>\n<\/div>\n<\/div>\n<\/div>\n<div class=\"et_pb_button_module_wrapper et_pb_button_0_wrapper et_pb_module \"><img loading=\"lazy\" decoding=\"async\" class=\"alignnone size-medium wp-image-221\" src=\"https:\/\/gerardoschmedling.com\/blog\/wp-content\/uploads\/2023\/11\/Recurso-1-300x32.jpg\" alt=\"\" width=\"300\" height=\"32\" srcset=\"https:\/\/gerardoschmedling.com\/blog\/wp-content\/uploads\/2023\/11\/Recurso-1-300x32.jpg 300w, https:\/\/gerardoschmedling.com\/blog\/wp-content\/uploads\/2023\/11\/Recurso-1-600x64.jpg 600w, https:\/\/gerardoschmedling.com\/blog\/wp-content\/uploads\/2023\/11\/Recurso-1-1024x109.jpg 1024w, https:\/\/gerardoschmedling.com\/blog\/wp-content\/uploads\/2023\/11\/Recurso-1-768x82.jpg 768w, https:\/\/gerardoschmedling.com\/blog\/wp-content\/uploads\/2023\/11\/Recurso-1.jpg 1171w\" sizes=\"auto, (max-width: 300px) 100vw, 300px\" \/><\/div>\n","protected":false},"featured_media":1642,"comment_status":"open","ping_status":"closed","template":"","meta":[],"product_brand":[],"product_cat":[28],"product_tag":[],"class_list":{"0":"post-599","1":"product","2":"type-product","3":"status-publish","4":"has-post-thumbnail","6":"product_cat-manuales","7":"product_shipping_class-estandar","9":"first","10":"instock","11":"taxable","12":"shipping-taxable","13":"purchasable","14":"product-type-simple"},"_links":{"self":[{"href":"https:\/\/gerardoschmedling.com\/blog\/wp-json\/wp\/v2\/product\/599","targetHints":{"allow":["GET"]}}],"collection":[{"href":"https:\/\/gerardoschmedling.com\/blog\/wp-json\/wp\/v2\/product"}],"about":[{"href":"https:\/\/gerardoschmedling.com\/blog\/wp-json\/wp\/v2\/types\/product"}],"replies":[{"embeddable":true,"href":"https:\/\/gerardoschmedling.com\/blog\/wp-json\/wp\/v2\/comments?post=599"}],"wp:featuredmedia":[{"embeddable":true,"href":"https:\/\/gerardoschmedling.com\/blog\/wp-json\/wp\/v2\/media\/1642"}],"wp:attachment":[{"href":"https:\/\/gerardoschmedling.com\/blog\/wp-json\/wp\/v2\/media?parent=599"}],"wp:term":[{"taxonomy":"product_brand","embeddable":true,"href":"https:\/\/gerardoschmedling.com\/blog\/wp-json\/wp\/v2\/product_brand?post=599"},{"taxonomy":"product_cat","embeddable":true,"href":"https:\/\/gerardoschmedling.com\/blog\/wp-json\/wp\/v2\/product_cat?post=599"},{"taxonomy":"product_tag","embeddable":true,"href":"https:\/\/gerardoschmedling.com\/blog\/wp-json\/wp\/v2\/product_tag?post=599"}],"curies":[{"name":"wp","href":"https:\/\/api.w.org\/{rel}","templated":true}]}}