{"id":410,"date":"2023-11-22T17:59:22","date_gmt":"2023-11-22T17:59:22","guid":{"rendered":"https:\/\/gerardoschmedling.com\/blog\/?post_type=product&#038;p=410"},"modified":"2024-02-26T15:03:28","modified_gmt":"2024-02-26T15:03:28","slug":"encontrandote-con-el-reino-del-amor-universal","status":"publish","type":"product","link":"https:\/\/gerardoschmedling.com\/blog\/producto\/encontrandote-con-el-reino-del-amor-universal\/","title":{"rendered":"Encontr\u00e1ndote con el reino del amor universal"},"content":{"rendered":"<div class=\"et_pb_column et_pb_column_1_2 et_pb_column_2 et_pb_css_mix_blend_mode_passthrough et_pb_column_single\">\n<div class=\"et_pb_module et_pb_text et_pb_text_2 et_pb_text_align_left et_pb_bg_layout_light\">\n<div class=\"et_pb_text_inner\">\n<div class=\"et_pb_column et_pb_column_1_2 et_pb_column_2 et_pb_css_mix_blend_mode_passthrough et_pb_column_single\">\n<div class=\"et_pb_module et_pb_text et_pb_text_2 et_pb_text_align_left et_pb_bg_layout_light\">\n<div class=\"et_pb_text_inner\">\n<p>[elementor-template id=\u00bb411&#8243;]<\/p>\n<\/div>\n<\/div>\n<\/div>\n<\/div>\n<\/div>\n<\/div>\n","protected":false},"excerpt":{"rendered":"<div class=\"et_pb_module et_pb_text et_pb_text_0 et_pb_text_align_left et_pb_bg_layout_light\">\n<div class=\"et_pb_text_inner\">\n<div class=\"et_pb_module et_pb_text et_pb_text_0 et_pb_text_align_left et_pb_bg_layout_light\">\n<div class=\"et_pb_text_inner\">\n<div class=\"elementor-element elementor-element-e6839a5 elementor-widget elementor-widget-text-editor\" data-id=\"e6839a5\" data-element_type=\"widget\" data-widget_type=\"text-editor.default\">\n<div class=\"elementor-widget-container\">\n<div class=\"elementor-text-editor elementor-clearfix\">\n<p><span style=\"color: #000000;\">Acercarnos a los conceptos b\u00edblicos con la mirada desde la Magia del amor, nos permitir\u00e1 aprender el profundo simbolismo de las escrituras llamadas sagradas, y en especial, el significado de la frase que resume la sabidur\u00eda de todas las filosof\u00edas del planeta: \u00abBuscad el reino de Dios dentro de vosotros, y lo dem\u00e1s se os dar\u00e1 por a\u00f1adidura\u00bb.<\/span><\/p>\n<\/div>\n<\/div>\n<\/div>\n<\/div>\n<\/div>\n<\/div>\n<\/div>\n<div class=\"et_pb_button_module_wrapper et_pb_button_0_wrapper et_pb_module \"><img loading=\"lazy\" decoding=\"async\" class=\"alignnone wp-image-680\" src=\"https:\/\/gerardoschmedling.com\/blog\/wp-content\/uploads\/2023\/11\/hotmart-logo-300x97.png\" alt=\"\" width=\"150\" height=\"48\" srcset=\"https:\/\/gerardoschmedling.com\/blog\/wp-content\/uploads\/2023\/11\/hotmart-logo-300x97.png 300w, https:\/\/gerardoschmedling.com\/blog\/wp-content\/uploads\/2023\/11\/hotmart-logo-768x247.png 768w, https:\/\/gerardoschmedling.com\/blog\/wp-content\/uploads\/2023\/11\/hotmart-logo-600x193.png 600w, https:\/\/gerardoschmedling.com\/blog\/wp-content\/uploads\/2023\/11\/hotmart-logo.png 913w\" sizes=\"auto, (max-width: 150px) 100vw, 150px\" \/><\/div>\n","protected":false},"featured_media":1636,"comment_status":"open","ping_status":"closed","template":"","meta":[],"product_brand":[],"product_cat":[33],"product_tag":[],"class_list":{"0":"post-410","1":"product","2":"type-product","3":"status-publish","4":"has-post-thumbnail","6":"product_cat-hotmart","8":"first","9":"instock","10":"product-type-external"},"_links":{"self":[{"href":"https:\/\/gerardoschmedling.com\/blog\/wp-json\/wp\/v2\/product\/410","targetHints":{"allow":["GET"]}}],"collection":[{"href":"https:\/\/gerardoschmedling.com\/blog\/wp-json\/wp\/v2\/product"}],"about":[{"href":"https:\/\/gerardoschmedling.com\/blog\/wp-json\/wp\/v2\/types\/product"}],"replies":[{"embeddable":true,"href":"https:\/\/gerardoschmedling.com\/blog\/wp-json\/wp\/v2\/comments?post=410"}],"wp:featuredmedia":[{"embeddable":true,"href":"https:\/\/gerardoschmedling.com\/blog\/wp-json\/wp\/v2\/media\/1636"}],"wp:attachment":[{"href":"https:\/\/gerardoschmedling.com\/blog\/wp-json\/wp\/v2\/media?parent=410"}],"wp:term":[{"taxonomy":"product_brand","embeddable":true,"href":"https:\/\/gerardoschmedling.com\/blog\/wp-json\/wp\/v2\/product_brand?post=410"},{"taxonomy":"product_cat","embeddable":true,"href":"https:\/\/gerardoschmedling.com\/blog\/wp-json\/wp\/v2\/product_cat?post=410"},{"taxonomy":"product_tag","embeddable":true,"href":"https:\/\/gerardoschmedling.com\/blog\/wp-json\/wp\/v2\/product_tag?post=410"}],"curies":[{"name":"wp","href":"https:\/\/api.w.org\/{rel}","templated":true}]}}