{"id":380,"date":"2023-11-22T17:12:41","date_gmt":"2023-11-22T17:12:41","guid":{"rendered":"https:\/\/gerardoschmedling.com\/blog\/?post_type=product&#038;p=380"},"modified":"2024-02-26T15:04:50","modified_gmt":"2024-02-26T15:04:50","slug":"aceptologia","status":"publish","type":"product","link":"https:\/\/gerardoschmedling.com\/blog\/producto\/aceptologia\/","title":{"rendered":"Aceptolog\u00eda"},"content":{"rendered":"<div class=\"et_pb_column et_pb_column_1_2 et_pb_column_2 et_pb_css_mix_blend_mode_passthrough et_pb_column_single\">\n<div class=\"et_pb_module et_pb_text et_pb_text_2 et_pb_text_align_left et_pb_bg_layout_light\">\n<div class=\"et_pb_text_inner\">\n<div class=\"et_pb_column et_pb_column_1_2 et_pb_column_2 et_pb_css_mix_blend_mode_passthrough et_pb_column_single\">\n<div class=\"et_pb_module et_pb_text et_pb_text_2 et_pb_text_align_left et_pb_bg_layout_light\">\n<div class=\"et_pb_text_inner\">\n<p>[elementor-template id=\u00bb382&#8243;]<\/p>\n<\/div>\n<\/div>\n<\/div>\n<\/div>\n<\/div>\n<\/div>\n","protected":false},"excerpt":{"rendered":"<div class=\"et_pb_module et_pb_text et_pb_text_0 et_pb_text_align_left et_pb_bg_layout_light\">\n<div class=\"et_pb_text_inner\">\n<p>ACEPTOLOG\u00cdA te permitir\u00e1 de una forma autodidacta, aprender como nos podemos liberar definitivamente del sufrimiento; este m\u00f3dulo es uno de los m\u00e1s estructurales de nuestro Centro de Formaci\u00f3n, pues basado en una de las herramientas de amor \u00abAceptar\u00bb, podremos descubrir las diferentes formas de lucha que inconsciente la mente utiliza contra la vida y construir las renuncias que nos llevar\u00e1n a estados mentales superiores de Paz y Armon\u00eda.<\/p>\n<\/div>\n<\/div>\n<div class=\"et_pb_button_module_wrapper et_pb_button_0_wrapper et_pb_module \"><img loading=\"lazy\" decoding=\"async\" class=\"alignnone wp-image-680\" src=\"https:\/\/gerardoschmedling.com\/blog\/wp-content\/uploads\/2023\/11\/hotmart-logo-300x97.png\" alt=\"\" width=\"150\" height=\"48\" srcset=\"https:\/\/gerardoschmedling.com\/blog\/wp-content\/uploads\/2023\/11\/hotmart-logo-300x97.png 300w, https:\/\/gerardoschmedling.com\/blog\/wp-content\/uploads\/2023\/11\/hotmart-logo-768x247.png 768w, https:\/\/gerardoschmedling.com\/blog\/wp-content\/uploads\/2023\/11\/hotmart-logo-600x193.png 600w, https:\/\/gerardoschmedling.com\/blog\/wp-content\/uploads\/2023\/11\/hotmart-logo.png 913w\" sizes=\"auto, (max-width: 150px) 100vw, 150px\" \/><\/div>\n","protected":false},"featured_media":1621,"comment_status":"open","ping_status":"closed","template":"","meta":[],"product_brand":[],"product_cat":[33],"product_tag":[],"class_list":{"0":"post-380","1":"product","2":"type-product","3":"status-publish","4":"has-post-thumbnail","6":"product_cat-hotmart","8":"first","9":"instock","10":"product-type-external"},"_links":{"self":[{"href":"https:\/\/gerardoschmedling.com\/blog\/wp-json\/wp\/v2\/product\/380","targetHints":{"allow":["GET"]}}],"collection":[{"href":"https:\/\/gerardoschmedling.com\/blog\/wp-json\/wp\/v2\/product"}],"about":[{"href":"https:\/\/gerardoschmedling.com\/blog\/wp-json\/wp\/v2\/types\/product"}],"replies":[{"embeddable":true,"href":"https:\/\/gerardoschmedling.com\/blog\/wp-json\/wp\/v2\/comments?post=380"}],"wp:featuredmedia":[{"embeddable":true,"href":"https:\/\/gerardoschmedling.com\/blog\/wp-json\/wp\/v2\/media\/1621"}],"wp:attachment":[{"href":"https:\/\/gerardoschmedling.com\/blog\/wp-json\/wp\/v2\/media?parent=380"}],"wp:term":[{"taxonomy":"product_brand","embeddable":true,"href":"https:\/\/gerardoschmedling.com\/blog\/wp-json\/wp\/v2\/product_brand?post=380"},{"taxonomy":"product_cat","embeddable":true,"href":"https:\/\/gerardoschmedling.com\/blog\/wp-json\/wp\/v2\/product_cat?post=380"},{"taxonomy":"product_tag","embeddable":true,"href":"https:\/\/gerardoschmedling.com\/blog\/wp-json\/wp\/v2\/product_tag?post=380"}],"curies":[{"name":"wp","href":"https:\/\/api.w.org\/{rel}","templated":true}]}}