{"id":313,"date":"2023-11-22T16:37:31","date_gmt":"2023-11-22T16:37:31","guid":{"rendered":"https:\/\/gerardoschmedling.com\/blog\/?post_type=product&#038;p=313"},"modified":"2024-02-26T15:05:40","modified_gmt":"2024-02-26T15:05:40","slug":"las-matematicas-del-amor","status":"publish","type":"product","link":"https:\/\/gerardoschmedling.com\/blog\/producto\/las-matematicas-del-amor\/","title":{"rendered":"Las Matem\u00e1ticas del Amor"},"content":{"rendered":"<div class=\"et_pb_column et_pb_column_1_2 et_pb_column_2 et_pb_css_mix_blend_mode_passthrough et_pb_column_single\">\n<div class=\"et_pb_module et_pb_text et_pb_text_2 et_pb_text_align_left et_pb_bg_layout_light\">\n<div class=\"et_pb_text_inner\">\n<div class=\"et_pb_column et_pb_column_1_2 et_pb_column_2 et_pb_css_mix_blend_mode_passthrough et_pb_column_single\">\n<div class=\"et_pb_module et_pb_text et_pb_text_2 et_pb_text_align_left et_pb_bg_layout_light\">\n<div class=\"et_pb_text_inner\">\n<p>[elementor-template id=\u00bb316&#8243;]<\/p>\n<\/div>\n<\/div>\n<\/div>\n<\/div>\n<\/div>\n<\/div>\n","protected":false},"excerpt":{"rendered":"<div class=\"et_pb_module et_pb_text et_pb_text_0 et_pb_text_align_left et_pb_bg_layout_light\">\n<div class=\"et_pb_text_inner\">\n<p>Aprenderemos a reconocer que todo lo que est\u00e1 creado y existe en el universo es matem\u00e1ticamente exacto y que a trav\u00e9s de las matem\u00e1ticas podemos empezar a construir nuestro nuevo camino interno y de relaciones de amor.<\/p>\n<p>Aprende a Sumar, Multiplicar y las formulas b\u00e1sicas matem\u00e1ticas para que tu vida se convierta en un mundo nuevo lleno de Felicidad y Paz Interior para ti y para los que te rodean.<\/p>\n<\/div>\n<\/div>\n<div class=\"et_pb_button_module_wrapper et_pb_button_0_wrapper et_pb_module \"><img loading=\"lazy\" decoding=\"async\" class=\"alignnone wp-image-680\" src=\"https:\/\/gerardoschmedling.com\/blog\/wp-content\/uploads\/2023\/11\/hotmart-logo-300x97.png\" alt=\"\" width=\"150\" height=\"48\" srcset=\"https:\/\/gerardoschmedling.com\/blog\/wp-content\/uploads\/2023\/11\/hotmart-logo-300x97.png 300w, https:\/\/gerardoschmedling.com\/blog\/wp-content\/uploads\/2023\/11\/hotmart-logo-768x247.png 768w, https:\/\/gerardoschmedling.com\/blog\/wp-content\/uploads\/2023\/11\/hotmart-logo-600x193.png 600w, https:\/\/gerardoschmedling.com\/blog\/wp-content\/uploads\/2023\/11\/hotmart-logo.png 913w\" sizes=\"auto, (max-width: 150px) 100vw, 150px\" \/><\/div>\n","protected":false},"featured_media":1615,"comment_status":"open","ping_status":"closed","template":"","meta":[],"product_brand":[],"product_cat":[33],"product_tag":[],"class_list":{"0":"post-313","1":"product","2":"type-product","3":"status-publish","4":"has-post-thumbnail","6":"product_cat-hotmart","8":"first","9":"instock","10":"product-type-external"},"_links":{"self":[{"href":"https:\/\/gerardoschmedling.com\/blog\/wp-json\/wp\/v2\/product\/313","targetHints":{"allow":["GET"]}}],"collection":[{"href":"https:\/\/gerardoschmedling.com\/blog\/wp-json\/wp\/v2\/product"}],"about":[{"href":"https:\/\/gerardoschmedling.com\/blog\/wp-json\/wp\/v2\/types\/product"}],"replies":[{"embeddable":true,"href":"https:\/\/gerardoschmedling.com\/blog\/wp-json\/wp\/v2\/comments?post=313"}],"wp:featuredmedia":[{"embeddable":true,"href":"https:\/\/gerardoschmedling.com\/blog\/wp-json\/wp\/v2\/media\/1615"}],"wp:attachment":[{"href":"https:\/\/gerardoschmedling.com\/blog\/wp-json\/wp\/v2\/media?parent=313"}],"wp:term":[{"taxonomy":"product_brand","embeddable":true,"href":"https:\/\/gerardoschmedling.com\/blog\/wp-json\/wp\/v2\/product_brand?post=313"},{"taxonomy":"product_cat","embeddable":true,"href":"https:\/\/gerardoschmedling.com\/blog\/wp-json\/wp\/v2\/product_cat?post=313"},{"taxonomy":"product_tag","embeddable":true,"href":"https:\/\/gerardoschmedling.com\/blog\/wp-json\/wp\/v2\/product_tag?post=313"}],"curies":[{"name":"wp","href":"https:\/\/api.w.org\/{rel}","templated":true}]}}