{"id":1689,"date":"2024-03-01T18:01:19","date_gmt":"2024-03-01T18:01:19","guid":{"rendered":"https:\/\/gerardoschmedling.com\/blog\/?post_type=product&#038;p=1689"},"modified":"2025-08-03T17:19:17","modified_gmt":"2025-08-03T17:19:17","slug":"caja-de-oro-coleccion-completa","status":"publish","type":"product","link":"https:\/\/gerardoschmedling.com\/blog\/producto\/caja-de-oro-coleccion-completa\/","title":{"rendered":"Caja de Oro &#8211; Colecci\u00f3n Completa"},"content":{"rendered":"","protected":false},"excerpt":{"rendered":"<p>Aqu\u00ed podr\u00e1s encontrar toda la informaci\u00f3n de sabidur\u00eda para aprender a SER FELIZ. Este producto contiene los 17 manuales de estudio originalmente escritos por Gerardo Schmedling y que hacen parte de la Obra Fundamental de Escuela de Magia del Amor \u201cMaestr\u00eda En Amor Para Aquellos Que Ya No Necesitan Sufrir M\u00e1s\u201d. Cada uno viene en formato digital de audio mp3. Puedes adquirir la colecci\u00f3n completa desde hotmart:<\/p>\n<p><img loading=\"lazy\" decoding=\"async\" class=\"alignnone  wp-image-680\" src=\"https:\/\/gerardoschmedling.com\/blog\/wp-content\/uploads\/2023\/11\/hotmart-logo-300x97.png\" alt=\"\" width=\"158\" height=\"51\" srcset=\"https:\/\/gerardoschmedling.com\/blog\/wp-content\/uploads\/2023\/11\/hotmart-logo-300x97.png 300w, https:\/\/gerardoschmedling.com\/blog\/wp-content\/uploads\/2023\/11\/hotmart-logo-768x247.png 768w, https:\/\/gerardoschmedling.com\/blog\/wp-content\/uploads\/2023\/11\/hotmart-logo-600x193.png 600w, https:\/\/gerardoschmedling.com\/blog\/wp-content\/uploads\/2023\/11\/hotmart-logo.png 913w\" sizes=\"auto, (max-width: 158px) 100vw, 158px\" \/><\/p>\n","protected":false},"featured_media":906,"comment_status":"open","ping_status":"closed","template":"","meta":[],"product_brand":[],"product_cat":[33],"product_tag":[],"class_list":{"0":"post-1689","1":"product","2":"type-product","3":"status-publish","4":"has-post-thumbnail","6":"product_cat-hotmart","8":"first","9":"instock","10":"taxable","11":"shipping-taxable","12":"product-type-external"},"_links":{"self":[{"href":"https:\/\/gerardoschmedling.com\/blog\/wp-json\/wp\/v2\/product\/1689","targetHints":{"allow":["GET"]}}],"collection":[{"href":"https:\/\/gerardoschmedling.com\/blog\/wp-json\/wp\/v2\/product"}],"about":[{"href":"https:\/\/gerardoschmedling.com\/blog\/wp-json\/wp\/v2\/types\/product"}],"replies":[{"embeddable":true,"href":"https:\/\/gerardoschmedling.com\/blog\/wp-json\/wp\/v2\/comments?post=1689"}],"wp:featuredmedia":[{"embeddable":true,"href":"https:\/\/gerardoschmedling.com\/blog\/wp-json\/wp\/v2\/media\/906"}],"wp:attachment":[{"href":"https:\/\/gerardoschmedling.com\/blog\/wp-json\/wp\/v2\/media?parent=1689"}],"wp:term":[{"taxonomy":"product_brand","embeddable":true,"href":"https:\/\/gerardoschmedling.com\/blog\/wp-json\/wp\/v2\/product_brand?post=1689"},{"taxonomy":"product_cat","embeddable":true,"href":"https:\/\/gerardoschmedling.com\/blog\/wp-json\/wp\/v2\/product_cat?post=1689"},{"taxonomy":"product_tag","embeddable":true,"href":"https:\/\/gerardoschmedling.com\/blog\/wp-json\/wp\/v2\/product_tag?post=1689"}],"curies":[{"name":"wp","href":"https:\/\/api.w.org\/{rel}","templated":true}]}}