{"id":1121,"date":"2023-12-22T05:48:33","date_gmt":"2023-12-22T05:48:33","guid":{"rendered":"https:\/\/gerardoschmedling.com\/blog\/?post_type=product&#038;p=1121"},"modified":"2024-02-26T21:46:02","modified_gmt":"2024-02-26T21:46:02","slug":"el-profundo-significado-filosofico-de-la-navidad","status":"publish","type":"product","link":"https:\/\/gerardoschmedling.com\/blog\/producto\/el-profundo-significado-filosofico-de-la-navidad\/","title":{"rendered":"El Profundo Significado Filos\u00f3fico de la Navidad"},"content":{"rendered":"","protected":false},"excerpt":{"rendered":"<p>El nacimiento del ni\u00f1o Dios es un proceso simb\u00f3lico del despertar de la conciencia Divina en la experiencia humana y que comenzar\u00e1 a desarrollarse para convertirse en maestro con las virtudes de la Felicidad, la Paz y el Amor.\u00a0 Gerardo inicia de una bella meditaci\u00f3n para entrar en la ense\u00f1anza de nuestro nacimiento interior para hablar de lo que significa la Navidad.<\/p>\n<p><img loading=\"lazy\" decoding=\"async\" class=\"alignnone size-medium wp-image-221\" src=\"https:\/\/gerardoschmedling.com\/blog\/wp-content\/uploads\/2023\/11\/Recurso-1-300x32.jpg\" alt=\"\" width=\"300\" height=\"32\" srcset=\"https:\/\/gerardoschmedling.com\/blog\/wp-content\/uploads\/2023\/11\/Recurso-1-300x32.jpg 300w, https:\/\/gerardoschmedling.com\/blog\/wp-content\/uploads\/2023\/11\/Recurso-1-600x64.jpg 600w, https:\/\/gerardoschmedling.com\/blog\/wp-content\/uploads\/2023\/11\/Recurso-1-1024x109.jpg 1024w, https:\/\/gerardoschmedling.com\/blog\/wp-content\/uploads\/2023\/11\/Recurso-1-768x82.jpg 768w, https:\/\/gerardoschmedling.com\/blog\/wp-content\/uploads\/2023\/11\/Recurso-1.jpg 1171w\" sizes=\"auto, (max-width: 300px) 100vw, 300px\" \/><\/p>\n","protected":false},"featured_media":1658,"comment_status":"open","ping_status":"closed","template":"","meta":[],"product_brand":[],"product_cat":[26],"product_tag":[],"class_list":{"0":"post-1121","1":"product","2":"type-product","3":"status-publish","4":"has-post-thumbnail","6":"product_cat-digitales","8":"first","9":"instock","10":"downloadable","11":"virtual","12":"taxable","13":"purchasable","14":"product-type-simple"},"_links":{"self":[{"href":"https:\/\/gerardoschmedling.com\/blog\/wp-json\/wp\/v2\/product\/1121","targetHints":{"allow":["GET"]}}],"collection":[{"href":"https:\/\/gerardoschmedling.com\/blog\/wp-json\/wp\/v2\/product"}],"about":[{"href":"https:\/\/gerardoschmedling.com\/blog\/wp-json\/wp\/v2\/types\/product"}],"replies":[{"embeddable":true,"href":"https:\/\/gerardoschmedling.com\/blog\/wp-json\/wp\/v2\/comments?post=1121"}],"wp:featuredmedia":[{"embeddable":true,"href":"https:\/\/gerardoschmedling.com\/blog\/wp-json\/wp\/v2\/media\/1658"}],"wp:attachment":[{"href":"https:\/\/gerardoschmedling.com\/blog\/wp-json\/wp\/v2\/media?parent=1121"}],"wp:term":[{"taxonomy":"product_brand","embeddable":true,"href":"https:\/\/gerardoschmedling.com\/blog\/wp-json\/wp\/v2\/product_brand?post=1121"},{"taxonomy":"product_cat","embeddable":true,"href":"https:\/\/gerardoschmedling.com\/blog\/wp-json\/wp\/v2\/product_cat?post=1121"},{"taxonomy":"product_tag","embeddable":true,"href":"https:\/\/gerardoschmedling.com\/blog\/wp-json\/wp\/v2\/product_tag?post=1121"}],"curies":[{"name":"wp","href":"https:\/\/api.w.org\/{rel}","templated":true}]}}