{"id":816,"date":"2023-12-02T12:42:53","date_gmt":"2023-12-02T12:42:53","guid":{"rendered":"https:\/\/gerardoschmedling.com\/blog\/?page_id=816"},"modified":"2024-10-04T18:19:18","modified_gmt":"2024-10-04T18:19:18","slug":"talleres","status":"publish","type":"page","link":"https:\/\/gerardoschmedling.com\/blog\/talleres\/","title":{"rendered":"Talleres"},"content":{"rendered":"<p><svg aria-hidden=\"true\" viewBox=\"0 0 576 512\" xmlns=\"http:\/\/www.w3.org\/2000\/svg\"><path d=\"M259.3 17.8L194 150.2 47.9 171.5c-26.2 3.8-36.7 36.1-17.7 54.6l105.7 103-25 145.5c-4.5 26.3 23.2 46 46.4 33.7L288 439.6l130.7 68.7c23.2 12.2 50.9-7.4 46.4-33.7l-25-145.5 105.7-103c19-18.5 8.5-50.8-17.7-54.6L382 150.2 316.7 17.8c-11.7-23.6-45.6-23.9-57.4 0z\"><\/path><\/svg>\t\t\t<\/p>\n<h2>FACILITADORES AVALADOS<\/h2>\n<h2>EVENTOS<\/h2>\n<h2>Unidad de Coordinaci\u00f3n y Cooperaci\u00f3n\u2013 Para Promover y Acceder a un Nuevo Mundo en Paz y Armon\u00eda<\/h2>\n<p>Este mundo ser\u00e1 posible y verificable a trav\u00e9s de las ense\u00f1anzas de \u00abEscuela de Magia del Amor\u00bb, en la cual mediante el estudio y la pr\u00e1ctica de sus principios, se llega a la \u00abMaestr\u00eda en Amor Para Aquellos que Ya No Necesitan Sufrir M\u00e1s\u00bb, Nombre gen\u00e9rico de las m\u00faltiples Obras del Maestro Gerardo Schmedling Torres, para el aprendizaje y desarrollo de la Paz Interior en cada quien.<\/p>\n<p>Este es un programa educativo con \u00e9nfasis en la formaci\u00f3n y m\u00e1ximo desarrollo del potencial del Amor y la Armon\u00eda, que existen o est\u00e1n impl\u00edcitos en todos los seres humanos, pero que a\u00fan no lo han descubierto o identificado, y por tal raz\u00f3n no se facilita su aplicaci\u00f3n y el manejo en la vida diaria de las personas, que cuentan con esas virtudes pero que a\u00fan no han sido reconocidas.<\/p>\n<p>El programa y proyecci\u00f3n completo de \u00abEscuela de Magia del Amor\u00bb, con sus respectivas \u00abLeyes del Universo\u00bb, y dem\u00e1s t\u00edtulos fue canalizado, estudiado, desarrollado y practicado por el Maestro de Sabidur\u00eda Gerardo Schmedling Torres, durante muchos a\u00f1os de trabajo y experiencia personal.<\/p>\n<p>En el programa \u00abEscuela de Magia del Amor\u00bb, Maestr\u00eda en Amor Para Aquellos Que Ya No Necesitan Sufrir M\u00e1s\u00bb, se propone y proyecta un m\u00e9todo de total armon\u00eda y eficiencia para trascender las limitaciones humanas existentes, causadas por creencias no verificadas para su uso o aplicaci\u00f3n real.<\/p>\n<p>Si los conceptos o creencias pueden ser comprobados o reconocidos como verdades absolutas, en ese momento pierden su caracter\u00edstica de creencia o concepto y entran inmediatamente a conformar parte consciente de la comprensi\u00f3n universal sobre las verdades absolutas que individualmente se van reconociendo con la pr\u00e1ctica y el entrenamiento, al cual nos enfrentamos todos en el diario vivir.<\/p>\n<ul>\n<li>\n<figure>\n\t\t\t\t\t\t<a href=\"https:\/\/gerardoschmedling.com\/blog\/producto\/taller-no-1\/\"><img decoding=\"async\" src=\"https:\/\/gerardoschmedling.com\/blog\/wp-content\/uploads\/2023\/12\/paz-interior-1.jpg\" alt=\"img04\"><\/a><figcaption>\n<p>\n\t\t\t\t\t\t\t\t<a href=\"https:\/\/gerardoschmedling.com\/blog\/producto\/taller-no-1\/\">T\u00edtulo del Taller<\/a>\n\t\t\t\t\t\t\t<\/p>\n<p><bdi>&#36;&nbsp;0<\/bdi><\/p>\n<p>\n\t\t\t\t\t\t\t\t  \t\t\t<a href=\"?add-to-cart=1467\" data-quantity=\"1\" data-product_id=\"1467\" ><\/a>\n\t\t\t\t\t\t\t\t  \t\t\t\t\t\t\t\t<\/p>\n<\/figcaption><\/figure>\n<\/li>\n<\/ul>\n","protected":false},"excerpt":{"rendered":"<p>FACILITADORES AVALADOS EVENTOS Unidad de Coordinaci\u00f3n y Cooperaci\u00f3n\u2013 Para Promover y Acceder a un Nuevo Mundo en Paz y Armon\u00eda Este mundo ser\u00e1 posible y verificable a trav\u00e9s de las ense\u00f1anzas de \u00abEscuela de Magia del Amor\u00bb, en la cual mediante el estudio y la pr\u00e1ctica de sus principios, se llega a la \u00abMaestr\u00eda en [&hellip;]<\/p>\n","protected":false},"author":1,"featured_media":0,"parent":0,"menu_order":0,"comment_status":"closed","ping_status":"closed","template":"","meta":{"footnotes":""},"class_list":["post-816","page","type-page","status-publish","hentry"],"_links":{"self":[{"href":"https:\/\/gerardoschmedling.com\/blog\/wp-json\/wp\/v2\/pages\/816","targetHints":{"allow":["GET"]}}],"collection":[{"href":"https:\/\/gerardoschmedling.com\/blog\/wp-json\/wp\/v2\/pages"}],"about":[{"href":"https:\/\/gerardoschmedling.com\/blog\/wp-json\/wp\/v2\/types\/page"}],"author":[{"embeddable":true,"href":"https:\/\/gerardoschmedling.com\/blog\/wp-json\/wp\/v2\/users\/1"}],"replies":[{"embeddable":true,"href":"https:\/\/gerardoschmedling.com\/blog\/wp-json\/wp\/v2\/comments?post=816"}],"version-history":[{"count":13,"href":"https:\/\/gerardoschmedling.com\/blog\/wp-json\/wp\/v2\/pages\/816\/revisions"}],"predecessor-version":[{"id":1774,"href":"https:\/\/gerardoschmedling.com\/blog\/wp-json\/wp\/v2\/pages\/816\/revisions\/1774"}],"wp:attachment":[{"href":"https:\/\/gerardoschmedling.com\/blog\/wp-json\/wp\/v2\/media?parent=816"}],"curies":[{"name":"wp","href":"https:\/\/api.w.org\/{rel}","templated":true}]}}