{"id":808,"date":"2023-12-02T12:37:26","date_gmt":"2023-12-02T12:37:26","guid":{"rendered":"https:\/\/gerardoschmedling.com\/blog\/?page_id=808"},"modified":"2024-03-14T20:52:46","modified_gmt":"2024-03-14T20:52:46","slug":"hotmart","status":"publish","type":"page","link":"https:\/\/gerardoschmedling.com\/blog\/hotmart\/","title":{"rendered":"Hotmart"},"content":{"rendered":"<p><svg aria-hidden=\"true\" viewBox=\"0 0 576 512\" xmlns=\"http:\/\/www.w3.org\/2000\/svg\"><path d=\"M259.3 17.8L194 150.2 47.9 171.5c-26.2 3.8-36.7 36.1-17.7 54.6l105.7 103-25 145.5c-4.5 26.3 23.2 46 46.4 33.7L288 439.6l130.7 68.7c23.2 12.2 50.9-7.4 46.4-33.7l-25-145.5 105.7-103c19-18.5 8.5-50.8-17.7-54.6L382 150.2 316.7 17.8c-11.7-23.6-45.6-23.9-57.4 0z\"><\/path><\/svg>\t\t\t<\/p>\n<style>\/*! elementor - v3.19.0 - 28-02-2024 *\/\n.elementor-heading-title{padding:0;margin:0;line-height:1}.elementor-widget-heading .elementor-heading-title[class*=elementor-size-]>a{color:inherit;font-size:inherit;line-height:inherit}.elementor-widget-heading .elementor-heading-title.elementor-size-small{font-size:15px}.elementor-widget-heading .elementor-heading-title.elementor-size-medium{font-size:19px}.elementor-widget-heading .elementor-heading-title.elementor-size-large{font-size:29px}.elementor-widget-heading .elementor-heading-title.elementor-size-xl{font-size:39px}.elementor-widget-heading .elementor-heading-title.elementor-size-xxl{font-size:59px}<\/style>\n<h2>HOTMART<\/h2>\n<h2>PRODUCTO PREMIUM<\/h2>\n<h2>Obra Original Completa<\/h2>\n<p>En la gran caja oro puedes encontrar todos los 17\u00a0m\u00f3dulos\u00a0directamente de la voz de Gerardo\u00a0Schmedling\u00a0junto con\u00a0m\u00e1s\u00a0de 900 audios y 20 meditaciones guiadas,\u00a0toda la obra original e inalterada de Gerardo.<\/p>\n<p>\t\t\t<a href=\"https:\/\/gerardoschmedling.com\/blog\/producto\/caja-de-oro-coleccion-completa\/\"><br \/>\n\t\t\t\t\t\tQUIERO LA OBRA COMPLETA<br \/>\n\t\t\t\t\t<\/a><\/p>\n<style>\/*! elementor - v3.19.0 - 28-02-2024 *\/\n.elementor-widget-image{text-align:center}.elementor-widget-image a{display:inline-block}.elementor-widget-image a img[src$=\".svg\"]{width:48px}.elementor-widget-image img{vertical-align:middle;display:inline-block}<\/style>\n<p>\t\t\t\t\t\t\t\t\t\t<img loading=\"lazy\" decoding=\"async\" width=\"800\" height=\"450\" src=\"https:\/\/gerardoschmedling.com\/blog\/wp-content\/uploads\/2023\/12\/caja-de-oro-100-1024x576.jpg\" alt=\"\" srcset=\"https:\/\/gerardoschmedling.com\/blog\/wp-content\/uploads\/2023\/12\/caja-de-oro-100-1024x576.jpg 1024w, https:\/\/gerardoschmedling.com\/blog\/wp-content\/uploads\/2023\/12\/caja-de-oro-100-300x169.jpg 300w, https:\/\/gerardoschmedling.com\/blog\/wp-content\/uploads\/2023\/12\/caja-de-oro-100-768x432.jpg 768w, https:\/\/gerardoschmedling.com\/blog\/wp-content\/uploads\/2023\/12\/caja-de-oro-100-1536x864.jpg 1536w, https:\/\/gerardoschmedling.com\/blog\/wp-content\/uploads\/2023\/12\/caja-de-oro-100-2048x1152.jpg 2048w, https:\/\/gerardoschmedling.com\/blog\/wp-content\/uploads\/2023\/12\/caja-de-oro-100-600x338.jpg 600w\" sizes=\"auto, (max-width: 800px) 100vw, 800px\" \/>\t\t\t\t\t\t\t\t\t\t\t\t\t<\/p>\n<ul>\n<li>\n<figure>\n\t\t\t\t\t\t<a href=\"https:\/\/gerardoschmedling.com\/blog\/producto\/sociologia-de-la-evolucion\/\"><img decoding=\"async\" src=\"https:\/\/gerardoschmedling.com\/blog\/wp-content\/uploads\/2023\/11\/4-.webp\" alt=\"img04\"><\/a><figcaption>\n<p>\n\t\t\t\t\t\t\t\t<a href=\"https:\/\/gerardoschmedling.com\/blog\/producto\/sociologia-de-la-evolucion\/\">Sociolog\u00eda De La Evoluci\u00f3n<\/a>\n\t\t\t\t\t\t\t<\/p>\n<\/p>\n<p>\n\t\t\t\t\t\t\t\t  \t\t\t<a href=\"https:\/\/gerardoschmedling.com\/blog\/producto\/sociologia-de-la-evolucion\/\"><\/a>\n\t\t\t\t\t\t\t\t  \t\t\t\t\t\t\t\t<\/p>\n<\/figcaption><\/figure>\n<\/li>\n<li>\n<figure>\n\t\t\t\t\t\t<a href=\"https:\/\/gerardoschmedling.com\/blog\/producto\/las-leyes-universales-en-la-vida-diaria\/\"><img decoding=\"async\" src=\"https:\/\/gerardoschmedling.com\/blog\/wp-content\/uploads\/2023\/11\/5-.webp\" alt=\"img04\"><\/a><figcaption>\n<p>\n\t\t\t\t\t\t\t\t<a href=\"https:\/\/gerardoschmedling.com\/blog\/producto\/las-leyes-universales-en-la-vida-diaria\/\">Las Leyes Universales en la Vida Diaria<\/a>\n\t\t\t\t\t\t\t<\/p>\n<\/p>\n<p>\n\t\t\t\t\t\t\t\t  \t\t\t<a href=\"https:\/\/gerardoschmedling.com\/blog\/producto\/las-leyes-universales-en-la-vida-diaria\/\"><\/a>\n\t\t\t\t\t\t\t\t  \t\t\t\t\t\t\t\t<\/p>\n<\/figcaption><\/figure>\n<\/li>\n<li>\n<figure>\n\t\t\t\t\t\t<a href=\"https:\/\/gerardoschmedling.com\/blog\/producto\/manejo-practico-de-las-leyes-de-la-vida\/\"><img decoding=\"async\" src=\"https:\/\/gerardoschmedling.com\/blog\/wp-content\/uploads\/2023\/11\/7-.webp\" alt=\"img04\"><\/a><figcaption>\n<p>\n\t\t\t\t\t\t\t\t<a href=\"https:\/\/gerardoschmedling.com\/blog\/producto\/manejo-practico-de-las-leyes-de-la-vida\/\">Manejo Pr\u00e1ctico de las Leyes de La vida<\/a>\n\t\t\t\t\t\t\t<\/p>\n<\/p>\n<p>\n\t\t\t\t\t\t\t\t  \t\t\t<a href=\"https:\/\/gerardoschmedling.com\/blog\/producto\/manejo-practico-de-las-leyes-de-la-vida\/\"><\/a>\n\t\t\t\t\t\t\t\t  \t\t\t\t\t\t\t\t<\/p>\n<\/figcaption><\/figure>\n<\/li>\n<li>\n<figure>\n\t\t\t\t\t\t<a href=\"https:\/\/gerardoschmedling.com\/blog\/producto\/las-matematicas-del-amor\/\"><img decoding=\"async\" src=\"https:\/\/gerardoschmedling.com\/blog\/wp-content\/uploads\/2023\/11\/8-.webp\" alt=\"img04\"><\/a><figcaption>\n<p>\n\t\t\t\t\t\t\t\t<a href=\"https:\/\/gerardoschmedling.com\/blog\/producto\/las-matematicas-del-amor\/\">Las Matem\u00e1ticas del Amor<\/a>\n\t\t\t\t\t\t\t<\/p>\n<\/p>\n<p>\n\t\t\t\t\t\t\t\t  \t\t\t<a href=\"https:\/\/gerardoschmedling.com\/blog\/producto\/las-matematicas-del-amor\/\"><\/a>\n\t\t\t\t\t\t\t\t  \t\t\t\t\t\t\t\t<\/p>\n<\/figcaption><\/figure>\n<\/li>\n<li>\n<figure>\n\t\t\t\t\t\t<a href=\"https:\/\/gerardoschmedling.com\/blog\/producto\/taller-del-amor-y-la-sexualidad\/\"><img decoding=\"async\" src=\"https:\/\/gerardoschmedling.com\/blog\/wp-content\/uploads\/2023\/11\/9-.webp\" alt=\"img04\"><\/a><figcaption>\n<p>\n\t\t\t\t\t\t\t\t<a href=\"https:\/\/gerardoschmedling.com\/blog\/producto\/taller-del-amor-y-la-sexualidad\/\">Taller del Amor y la Sexualidad<\/a>\n\t\t\t\t\t\t\t<\/p>\n<\/p>\n<p>\n\t\t\t\t\t\t\t\t  \t\t\t<a href=\"https:\/\/gerardoschmedling.com\/blog\/producto\/taller-del-amor-y-la-sexualidad\/\"><\/a>\n\t\t\t\t\t\t\t\t  \t\t\t\t\t\t\t\t<\/p>\n<\/figcaption><\/figure>\n<\/li>\n<li>\n<figure>\n\t\t\t\t\t\t<a href=\"https:\/\/gerardoschmedling.com\/blog\/producto\/las-relaciones-del-amor\/\"><img decoding=\"async\" src=\"https:\/\/gerardoschmedling.com\/blog\/wp-content\/uploads\/2023\/11\/10-.webp\" alt=\"img04\"><\/a><figcaption>\n<p>\n\t\t\t\t\t\t\t\t<a href=\"https:\/\/gerardoschmedling.com\/blog\/producto\/las-relaciones-del-amor\/\">Las Relaciones del Amor<\/a>\n\t\t\t\t\t\t\t<\/p>\n<\/p>\n<p>\n\t\t\t\t\t\t\t\t  \t\t\t<a href=\"https:\/\/gerardoschmedling.com\/blog\/producto\/las-relaciones-del-amor\/\"><\/a>\n\t\t\t\t\t\t\t\t  \t\t\t\t\t\t\t\t<\/p>\n<\/figcaption><\/figure>\n<\/li>\n<li>\n<figure>\n\t\t\t\t\t\t<a href=\"https:\/\/gerardoschmedling.com\/blog\/producto\/aceptologia\/\"><img decoding=\"async\" src=\"https:\/\/gerardoschmedling.com\/blog\/wp-content\/uploads\/2023\/11\/6-.webp\" alt=\"img04\"><\/a><figcaption>\n<p>\n\t\t\t\t\t\t\t\t<a href=\"https:\/\/gerardoschmedling.com\/blog\/producto\/aceptologia\/\">Aceptolog\u00eda<\/a>\n\t\t\t\t\t\t\t<\/p>\n<\/p>\n<p>\n\t\t\t\t\t\t\t\t  \t\t\t<a href=\"https:\/\/gerardoschmedling.com\/blog\/producto\/aceptologia\/\"><\/a>\n\t\t\t\t\t\t\t\t  \t\t\t\t\t\t\t\t<\/p>\n<\/figcaption><\/figure>\n<\/li>\n<li>\n<figure>\n\t\t\t\t\t\t<a href=\"https:\/\/gerardoschmedling.com\/blog\/producto\/alquimia-del-pensamiento\/\"><img decoding=\"async\" src=\"https:\/\/gerardoschmedling.com\/blog\/wp-content\/uploads\/2023\/11\/11-.webp\" alt=\"img04\"><\/a><figcaption>\n<p>\n\t\t\t\t\t\t\t\t<a href=\"https:\/\/gerardoschmedling.com\/blog\/producto\/alquimia-del-pensamiento\/\">Alquimia del pensamiento<\/a>\n\t\t\t\t\t\t\t<\/p>\n<\/p>\n<p>\n\t\t\t\t\t\t\t\t  \t\t\t<a href=\"https:\/\/gerardoschmedling.com\/blog\/producto\/alquimia-del-pensamiento\/\"><\/a>\n\t\t\t\t\t\t\t\t  \t\t\t\t\t\t\t\t<\/p>\n<\/figcaption><\/figure>\n<\/li>\n<li>\n<figure>\n\t\t\t\t\t\t<a href=\"https:\/\/gerardoschmedling.com\/blog\/producto\/asumiendo-la-vida-con-sabiduria\/\"><img decoding=\"async\" src=\"https:\/\/gerardoschmedling.com\/blog\/wp-content\/uploads\/2023\/11\/12-.webp\" alt=\"img04\"><\/a><figcaption>\n<p>\n\t\t\t\t\t\t\t\t<a href=\"https:\/\/gerardoschmedling.com\/blog\/producto\/asumiendo-la-vida-con-sabiduria\/\">Asumiendo la vida con Sabidur\u00eda<\/a>\n\t\t\t\t\t\t\t<\/p>\n<\/p>\n<p>\n\t\t\t\t\t\t\t\t  \t\t\t<a href=\"https:\/\/gerardoschmedling.com\/blog\/producto\/asumiendo-la-vida-con-sabiduria\/\"><\/a>\n\t\t\t\t\t\t\t\t  \t\t\t\t\t\t\t\t<\/p>\n<\/figcaption><\/figure>\n<\/li>\n<li>\n<figure>\n\t\t\t\t\t\t<a href=\"https:\/\/gerardoschmedling.com\/blog\/producto\/trascendiendo-las-limitaciones\/\"><img decoding=\"async\" src=\"https:\/\/gerardoschmedling.com\/blog\/wp-content\/uploads\/2023\/11\/13-.webp\" alt=\"img04\"><\/a><figcaption>\n<p>\n\t\t\t\t\t\t\t\t<a href=\"https:\/\/gerardoschmedling.com\/blog\/producto\/trascendiendo-las-limitaciones\/\">Trascendiendo las limitaciones<\/a>\n\t\t\t\t\t\t\t<\/p>\n<\/p>\n<p>\n\t\t\t\t\t\t\t\t  \t\t\t<a href=\"https:\/\/gerardoschmedling.com\/blog\/producto\/trascendiendo-las-limitaciones\/\"><\/a>\n\t\t\t\t\t\t\t\t  \t\t\t\t\t\t\t\t<\/p>\n<\/figcaption><\/figure>\n<\/li>\n<li>\n<figure>\n\t\t\t\t\t\t<a href=\"https:\/\/gerardoschmedling.com\/blog\/producto\/incondicionalidad-una-forma-de-amar\/\"><img decoding=\"async\" src=\"https:\/\/gerardoschmedling.com\/blog\/wp-content\/uploads\/2023\/11\/14-.webp\" alt=\"img04\"><\/a><figcaption>\n<p>\n\t\t\t\t\t\t\t\t<a href=\"https:\/\/gerardoschmedling.com\/blog\/producto\/incondicionalidad-una-forma-de-amar\/\">Incondicionalidad una forma de amar<\/a>\n\t\t\t\t\t\t\t<\/p>\n<\/p>\n<p>\n\t\t\t\t\t\t\t\t  \t\t\t<a href=\"https:\/\/gerardoschmedling.com\/blog\/producto\/incondicionalidad-una-forma-de-amar\/\"><\/a>\n\t\t\t\t\t\t\t\t  \t\t\t\t\t\t\t\t<\/p>\n<\/figcaption><\/figure>\n<\/li>\n<li>\n<figure>\n\t\t\t\t\t\t<a href=\"https:\/\/gerardoschmedling.com\/blog\/producto\/creacion-divina-hecha-realidad-humana\/\"><img decoding=\"async\" src=\"https:\/\/gerardoschmedling.com\/blog\/wp-content\/uploads\/2023\/11\/15-.webp\" alt=\"img04\"><\/a><figcaption>\n<p>\n\t\t\t\t\t\t\t\t<a href=\"https:\/\/gerardoschmedling.com\/blog\/producto\/creacion-divina-hecha-realidad-humana\/\">Creaci\u00f3n divina hecha realidad humana<\/a>\n\t\t\t\t\t\t\t<\/p>\n<\/p>\n<p>\n\t\t\t\t\t\t\t\t  \t\t\t<a href=\"https:\/\/gerardoschmedling.com\/blog\/producto\/creacion-divina-hecha-realidad-humana\/\"><\/a>\n\t\t\t\t\t\t\t\t  \t\t\t\t\t\t\t\t<\/p>\n<\/figcaption><\/figure>\n<\/li>\n<li>\n<figure>\n\t\t\t\t\t\t<a href=\"https:\/\/gerardoschmedling.com\/blog\/producto\/encontrandote-con-el-reino-del-amor-universal\/\"><img decoding=\"async\" src=\"https:\/\/gerardoschmedling.com\/blog\/wp-content\/uploads\/2023\/11\/16-.webp\" alt=\"img04\"><\/a><figcaption>\n<p>\n\t\t\t\t\t\t\t\t<a href=\"https:\/\/gerardoschmedling.com\/blog\/producto\/encontrandote-con-el-reino-del-amor-universal\/\">Encontr\u00e1ndote con el reino del amor universal<\/a>\n\t\t\t\t\t\t\t<\/p>\n<\/p>\n<p>\n\t\t\t\t\t\t\t\t  \t\t\t<a href=\"https:\/\/gerardoschmedling.com\/blog\/producto\/encontrandote-con-el-reino-del-amor-universal\/\"><\/a>\n\t\t\t\t\t\t\t\t  \t\t\t\t\t\t\t\t<\/p>\n<\/figcaption><\/figure>\n<\/li>\n<li>\n<figure>\n\t\t\t\t\t\t<a href=\"https:\/\/gerardoschmedling.com\/blog\/producto\/la-felicidad-en-pareja-y-familia\/\"><img decoding=\"async\" src=\"https:\/\/gerardoschmedling.com\/blog\/wp-content\/uploads\/2023\/11\/17-.webp\" alt=\"img04\"><\/a><figcaption>\n<p>\n\t\t\t\t\t\t\t\t<a href=\"https:\/\/gerardoschmedling.com\/blog\/producto\/la-felicidad-en-pareja-y-familia\/\">La Felicidad en Pareja y Familia<\/a>\n\t\t\t\t\t\t\t<\/p>\n<\/p>\n<p>\n\t\t\t\t\t\t\t\t  \t\t\t<a href=\"https:\/\/gerardoschmedling.com\/blog\/producto\/la-felicidad-en-pareja-y-familia\/\"><\/a>\n\t\t\t\t\t\t\t\t  \t\t\t\t\t\t\t\t<\/p>\n<\/figcaption><\/figure>\n<\/li>\n<li>\n<figure>\n\t\t\t\t\t\t<a href=\"https:\/\/gerardoschmedling.com\/blog\/producto\/escuela-de-padres-houdiho-juidno\/\"><img decoding=\"async\" src=\"https:\/\/gerardoschmedling.com\/blog\/wp-content\/uploads\/2023\/11\/18-.webp\" alt=\"img04\"><\/a><figcaption>\n<p>\n\t\t\t\t\t\t\t\t<a href=\"https:\/\/gerardoschmedling.com\/blog\/producto\/escuela-de-padres-houdiho-juidno\/\">Escuela de Padres Houdiho (Juid\u00f1o)<\/a>\n\t\t\t\t\t\t\t<\/p>\n<\/p>\n<p>\n\t\t\t\t\t\t\t\t  \t\t\t<a href=\"https:\/\/gerardoschmedling.com\/blog\/producto\/escuela-de-padres-houdiho-juidno\/\"><\/a>\n\t\t\t\t\t\t\t\t  \t\t\t\t\t\t\t\t<\/p>\n<\/figcaption><\/figure>\n<\/li>\n<li>\n<figure>\n\t\t\t\t\t\t<a href=\"https:\/\/gerardoschmedling.com\/blog\/producto\/tu-eres-lo-mejor-de-ti-mismo\/\"><img decoding=\"async\" src=\"https:\/\/gerardoschmedling.com\/blog\/wp-content\/uploads\/2023\/11\/19-.webp\" alt=\"img04\"><\/a><figcaption>\n<p>\n\t\t\t\t\t\t\t\t<a href=\"https:\/\/gerardoschmedling.com\/blog\/producto\/tu-eres-lo-mejor-de-ti-mismo\/\">Tu Eres lo Mejor de Ti Mismo<\/a>\n\t\t\t\t\t\t\t<\/p>\n<\/p>\n<p>\n\t\t\t\t\t\t\t\t  \t\t\t<a href=\"https:\/\/gerardoschmedling.com\/blog\/producto\/tu-eres-lo-mejor-de-ti-mismo\/\"><\/a>\n\t\t\t\t\t\t\t\t  \t\t\t\t\t\t\t\t<\/p>\n<\/figcaption><\/figure>\n<\/li>\n<li>\n<figure>\n\t\t\t\t\t\t<a href=\"https:\/\/gerardoschmedling.com\/blog\/producto\/liderando-un-compromiso-con-la-prosperidad\/\"><img decoding=\"async\" src=\"https:\/\/gerardoschmedling.com\/blog\/wp-content\/uploads\/2023\/11\/20-.webp\" alt=\"img04\"><\/a><figcaption>\n<p>\n\t\t\t\t\t\t\t\t<a href=\"https:\/\/gerardoschmedling.com\/blog\/producto\/liderando-un-compromiso-con-la-prosperidad\/\">Liderando un Compromiso con la Prosperidad<\/a>\n\t\t\t\t\t\t\t<\/p>\n<\/p>\n<p>\n\t\t\t\t\t\t\t\t  \t\t\t<a href=\"https:\/\/gerardoschmedling.com\/blog\/producto\/liderando-un-compromiso-con-la-prosperidad\/\"><\/a>\n\t\t\t\t\t\t\t\t  \t\t\t\t\t\t\t\t<\/p>\n<\/figcaption><\/figure>\n<\/li>\n<li>\n<figure>\n\t\t\t\t\t\t<a href=\"https:\/\/gerardoschmedling.com\/blog\/producto\/cofre-de-meditaciones-guiadas-gerardo-schmedling\/\"><img decoding=\"async\" src=\"https:\/\/gerardoschmedling.com\/blog\/wp-content\/uploads\/2023\/11\/21-.webp\" alt=\"img04\"><\/a><figcaption>\n<p>\n\t\t\t\t\t\t\t\t<a href=\"https:\/\/gerardoschmedling.com\/blog\/producto\/cofre-de-meditaciones-guiadas-gerardo-schmedling\/\">Cofre de Meditaciones Guiadas Gerardo Schmedling<\/a>\n\t\t\t\t\t\t\t<\/p>\n<\/p>\n<p>\n\t\t\t\t\t\t\t\t  \t\t\t<a href=\"https:\/\/gerardoschmedling.com\/blog\/producto\/cofre-de-meditaciones-guiadas-gerardo-schmedling\/\"><\/a>\n\t\t\t\t\t\t\t\t  \t\t\t\t\t\t\t\t<\/p>\n<\/figcaption><\/figure>\n<\/li>\n<li>\n<figure>\n\t\t\t\t\t\t<a href=\"https:\/\/gerardoschmedling.com\/blog\/producto\/caja-de-oro-coleccion-completa\/\"><img decoding=\"async\" src=\"https:\/\/gerardoschmedling.com\/blog\/wp-content\/uploads\/2023\/12\/caja-de-oro-100.jpg\" alt=\"img04\"><\/a><figcaption>\n<p>\n\t\t\t\t\t\t\t\t<a href=\"https:\/\/gerardoschmedling.com\/blog\/producto\/caja-de-oro-coleccion-completa\/\">Caja de Oro &#8211; Colecci\u00f3n Completa<\/a>\n\t\t\t\t\t\t\t<\/p>\n<\/p>\n<p>\n\t\t\t\t\t\t\t\t  \t\t\t<a href=\"https:\/\/gerardoschmedling.com\/blog\/producto\/caja-de-oro-coleccion-completa\/\"><\/a>\n\t\t\t\t\t\t\t\t  \t\t\t\t\t\t\t\t<\/p>\n<\/figcaption><\/figure>\n<\/li>\n<\/ul>\n","protected":false},"excerpt":{"rendered":"<p>HOTMART PRODUCTO PREMIUM Obra Original Completa En la gran caja oro puedes encontrar todos los 17\u00a0m\u00f3dulos\u00a0directamente de la voz de Gerardo\u00a0Schmedling\u00a0junto con\u00a0m\u00e1s\u00a0de 900 audios y 20 meditaciones guiadas,\u00a0toda la obra original e inalterada de Gerardo. QUIERO LA OBRA COMPLETA Sociolog\u00eda De La Evoluci\u00f3n Las Leyes Universales en la Vida Diaria Manejo Pr\u00e1ctico de las Leyes [&hellip;]<\/p>\n","protected":false},"author":1,"featured_media":0,"parent":0,"menu_order":0,"comment_status":"closed","ping_status":"closed","template":"","meta":{"footnotes":""},"class_list":["post-808","page","type-page","status-publish","hentry"],"_links":{"self":[{"href":"https:\/\/gerardoschmedling.com\/blog\/wp-json\/wp\/v2\/pages\/808","targetHints":{"allow":["GET"]}}],"collection":[{"href":"https:\/\/gerardoschmedling.com\/blog\/wp-json\/wp\/v2\/pages"}],"about":[{"href":"https:\/\/gerardoschmedling.com\/blog\/wp-json\/wp\/v2\/types\/page"}],"author":[{"embeddable":true,"href":"https:\/\/gerardoschmedling.com\/blog\/wp-json\/wp\/v2\/users\/1"}],"replies":[{"embeddable":true,"href":"https:\/\/gerardoschmedling.com\/blog\/wp-json\/wp\/v2\/comments?post=808"}],"version-history":[{"count":68,"href":"https:\/\/gerardoschmedling.com\/blog\/wp-json\/wp\/v2\/pages\/808\/revisions"}],"predecessor-version":[{"id":1696,"href":"https:\/\/gerardoschmedling.com\/blog\/wp-json\/wp\/v2\/pages\/808\/revisions\/1696"}],"wp:attachment":[{"href":"https:\/\/gerardoschmedling.com\/blog\/wp-json\/wp\/v2\/media?parent=808"}],"curies":[{"name":"wp","href":"https:\/\/api.w.org\/{rel}","templated":true}]}}