{"id":31,"date":"2023-11-07T16:00:09","date_gmt":"2023-11-07T16:00:09","guid":{"rendered":"https:\/\/gerardoschmedling.com\/blog\/?page_id=31"},"modified":"2024-02-28T22:46:45","modified_gmt":"2024-02-28T22:46:45","slug":"manuales","status":"publish","type":"page","link":"https:\/\/gerardoschmedling.com\/blog\/manuales\/","title":{"rendered":"Manuales"},"content":{"rendered":"<p><svg aria-hidden=\"true\" viewBox=\"0 0 576 512\" xmlns=\"http:\/\/www.w3.org\/2000\/svg\"><path d=\"M259.3 17.8L194 150.2 47.9 171.5c-26.2 3.8-36.7 36.1-17.7 54.6l105.7 103-25 145.5c-4.5 26.3 23.2 46 46.4 33.7L288 439.6l130.7 68.7c23.2 12.2 50.9-7.4 46.4-33.7l-25-145.5 105.7-103c19-18.5 8.5-50.8-17.7-54.6L382 150.2 316.7 17.8c-11.7-23.6-45.6-23.9-57.4 0z\"><\/path><\/svg>\t\t\t<\/p>\n<style>\/*! elementor - v3.19.0 - 28-02-2024 *\/\n.elementor-heading-title{padding:0;margin:0;line-height:1}.elementor-widget-heading .elementor-heading-title[class*=elementor-size-]>a{color:inherit;font-size:inherit;line-height:inherit}.elementor-widget-heading .elementor-heading-title.elementor-size-small{font-size:15px}.elementor-widget-heading .elementor-heading-title.elementor-size-medium{font-size:19px}.elementor-widget-heading .elementor-heading-title.elementor-size-large{font-size:29px}.elementor-widget-heading .elementor-heading-title.elementor-size-xl{font-size:39px}.elementor-widget-heading .elementor-heading-title.elementor-size-xxl{font-size:59px}<\/style>\n<h2>MANUALES<\/h2>\n<h2>PRODUCTO PREMIUM<\/h2>\n<h2>Colecci\u00f3n Completa Manuales<\/h2>\n<p>En esta colecci\u00f3n puedes encontrar todos los 17 manuales f\u00edsicos argollados escritos directamente por Gerardo Schmedling y dise\u00f1ados por \u00e9l.<\/p>\n<p>\t\t\t<a href=\"https:\/\/gerardoschmedling.com\/blog\/producto\/coleccion-completa-de-todos-los-manuales\/\"><br \/>\n\t\t\t\t\t\tQUIERO LA COLECCI\u00d3N COMPLETA<br \/>\n\t\t\t\t\t<\/a><\/p>\n<style>\/*! elementor - v3.19.0 - 28-02-2024 *\/\n.elementor-widget-image{text-align:center}.elementor-widget-image a{display:inline-block}.elementor-widget-image a img[src$=\".svg\"]{width:48px}.elementor-widget-image img{vertical-align:middle;display:inline-block}<\/style>\n<p>\t\t\t\t\t\t\t\t\t\t<img loading=\"lazy\" decoding=\"async\" width=\"800\" height=\"450\" src=\"https:\/\/gerardoschmedling.com\/blog\/wp-content\/uploads\/2023\/12\/2--1024x576.webp\" alt=\"\" srcset=\"https:\/\/gerardoschmedling.com\/blog\/wp-content\/uploads\/2023\/12\/2--1024x576.webp 1024w, https:\/\/gerardoschmedling.com\/blog\/wp-content\/uploads\/2023\/12\/2--300x169.webp 300w, https:\/\/gerardoschmedling.com\/blog\/wp-content\/uploads\/2023\/12\/2--768x432.webp 768w, https:\/\/gerardoschmedling.com\/blog\/wp-content\/uploads\/2023\/12\/2--600x338.webp 600w, https:\/\/gerardoschmedling.com\/blog\/wp-content\/uploads\/2023\/12\/2-.webp 1367w\" sizes=\"auto, (max-width: 800px) 100vw, 800px\" \/>\t\t\t\t\t\t\t\t\t\t\t\t\t<\/p>\n<ul>\n<li>\n<figure>\n\t\t\t\t\t\t<a href=\"https:\/\/gerardoschmedling.com\/blog\/producto\/sociologia-de-la-evolucion-manual\/\"><img decoding=\"async\" src=\"https:\/\/gerardoschmedling.com\/blog\/wp-content\/uploads\/2023\/11\/4-.webp\" alt=\"img04\"><\/a><figcaption>\n<p>\n\t\t\t\t\t\t\t\t<a href=\"https:\/\/gerardoschmedling.com\/blog\/producto\/sociologia-de-la-evolucion-manual\/\">Sociolog\u00eda De La Evoluci\u00f3n (Manual)<\/a>\n\t\t\t\t\t\t\t<\/p>\n<p><bdi>&#36;&nbsp;28.000<\/bdi><\/p>\n<p>\n\t\t\t\t\t\t\t\t  \t\t\t<a href=\"?add-to-cart=661\" data-quantity=\"1\" data-product_id=\"661\" ><\/a>\n\t\t\t\t\t\t\t\t  \t\t\t\t\t\t\t\t<\/p>\n<\/figcaption><\/figure>\n<\/li>\n<li>\n<figure>\n\t\t\t\t\t\t<a href=\"https:\/\/gerardoschmedling.com\/blog\/producto\/las-leyes-universales-en-la-vida-diaria-manual\/\"><img decoding=\"async\" src=\"https:\/\/gerardoschmedling.com\/blog\/wp-content\/uploads\/2023\/11\/5-.webp\" alt=\"img04\"><\/a><figcaption>\n<p>\n\t\t\t\t\t\t\t\t<a href=\"https:\/\/gerardoschmedling.com\/blog\/producto\/las-leyes-universales-en-la-vida-diaria-manual\/\">Las Leyes Universales en la Vida Diaria (Manual)<\/a>\n\t\t\t\t\t\t\t<\/p>\n<p><bdi>&#36;&nbsp;28.000<\/bdi><\/p>\n<p>\n\t\t\t\t\t\t\t\t  \t\t\t<a href=\"?add-to-cart=656\" data-quantity=\"1\" data-product_id=\"656\" ><\/a>\n\t\t\t\t\t\t\t\t  \t\t\t\t\t\t\t\t<\/p>\n<\/figcaption><\/figure>\n<\/li>\n<li>\n<figure>\n\t\t\t\t\t\t<a href=\"https:\/\/gerardoschmedling.com\/blog\/producto\/manejo-practico-de-las-leyes-de-la-vida-manual\/\"><img decoding=\"async\" src=\"https:\/\/gerardoschmedling.com\/blog\/wp-content\/uploads\/2023\/11\/7-.webp\" alt=\"img04\"><\/a><figcaption>\n<p>\n\t\t\t\t\t\t\t\t<a href=\"https:\/\/gerardoschmedling.com\/blog\/producto\/manejo-practico-de-las-leyes-de-la-vida-manual\/\">Manejo Pr\u00e1ctico de las Leyes de La vida (Manual)<\/a>\n\t\t\t\t\t\t\t<\/p>\n<p><bdi>&#36;&nbsp;28.000<\/bdi><\/p>\n<p>\n\t\t\t\t\t\t\t\t  \t\t\t<a href=\"?add-to-cart=651\" data-quantity=\"1\" data-product_id=\"651\" ><\/a>\n\t\t\t\t\t\t\t\t  \t\t\t\t\t\t\t\t<\/p>\n<\/figcaption><\/figure>\n<\/li>\n<li>\n<figure>\n\t\t\t\t\t\t<a href=\"https:\/\/gerardoschmedling.com\/blog\/producto\/las-matematicas-del-amor-manual\/\"><img decoding=\"async\" src=\"https:\/\/gerardoschmedling.com\/blog\/wp-content\/uploads\/2023\/11\/8-.webp\" alt=\"img04\"><\/a><figcaption>\n<p>\n\t\t\t\t\t\t\t\t<a href=\"https:\/\/gerardoschmedling.com\/blog\/producto\/las-matematicas-del-amor-manual\/\">Las Matem\u00e1ticas del Amor (Manual)<\/a>\n\t\t\t\t\t\t\t<\/p>\n<p><bdi>&#36;&nbsp;28.000<\/bdi><\/p>\n<p>\n\t\t\t\t\t\t\t\t  \t\t\t<a href=\"?add-to-cart=646\" data-quantity=\"1\" data-product_id=\"646\" ><\/a>\n\t\t\t\t\t\t\t\t  \t\t\t\t\t\t\t\t<\/p>\n<\/figcaption><\/figure>\n<\/li>\n<li>\n<figure>\n\t\t\t\t\t\t<a href=\"https:\/\/gerardoschmedling.com\/blog\/producto\/taller-del-amor-y-la-sexualidad-manual\/\"><img decoding=\"async\" src=\"https:\/\/gerardoschmedling.com\/blog\/wp-content\/uploads\/2023\/11\/9-.webp\" alt=\"img04\"><\/a><figcaption>\n<p>\n\t\t\t\t\t\t\t\t<a href=\"https:\/\/gerardoschmedling.com\/blog\/producto\/taller-del-amor-y-la-sexualidad-manual\/\">Taller del Amor y la Sexualidad (Manual)<\/a>\n\t\t\t\t\t\t\t<\/p>\n<p><bdi>&#36;&nbsp;28.000<\/bdi><\/p>\n<p>\n\t\t\t\t\t\t\t\t  \t\t\t<a href=\"?add-to-cart=641\" data-quantity=\"1\" data-product_id=\"641\" ><\/a>\n\t\t\t\t\t\t\t\t  \t\t\t\t\t\t\t\t<\/p>\n<\/figcaption><\/figure>\n<\/li>\n<li>\n<figure>\n\t\t\t\t\t\t<a href=\"https:\/\/gerardoschmedling.com\/blog\/producto\/las-relaciones-del-amor-manual\/\"><img decoding=\"async\" src=\"https:\/\/gerardoschmedling.com\/blog\/wp-content\/uploads\/2023\/11\/10-.webp\" alt=\"img04\"><\/a><figcaption>\n<p>\n\t\t\t\t\t\t\t\t<a href=\"https:\/\/gerardoschmedling.com\/blog\/producto\/las-relaciones-del-amor-manual\/\">Las Relaciones del Amor (Manual)<\/a>\n\t\t\t\t\t\t\t<\/p>\n<p><bdi>&#36;&nbsp;28.000<\/bdi><\/p>\n<p>\n\t\t\t\t\t\t\t\t  \t\t\t<a href=\"?add-to-cart=636\" data-quantity=\"1\" data-product_id=\"636\" ><\/a>\n\t\t\t\t\t\t\t\t  \t\t\t\t\t\t\t\t<\/p>\n<\/figcaption><\/figure>\n<\/li>\n<li>\n<figure>\n\t\t\t\t\t\t<a href=\"https:\/\/gerardoschmedling.com\/blog\/producto\/aceptologia-manual\/\"><img decoding=\"async\" src=\"https:\/\/gerardoschmedling.com\/blog\/wp-content\/uploads\/2023\/11\/6-.webp\" alt=\"img04\"><\/a><figcaption>\n<p>\n\t\t\t\t\t\t\t\t<a href=\"https:\/\/gerardoschmedling.com\/blog\/producto\/aceptologia-manual\/\">Aceptolog\u00eda (Manual)<\/a>\n\t\t\t\t\t\t\t<\/p>\n<p><bdi>&#36;&nbsp;28.000<\/bdi><\/p>\n<p>\n\t\t\t\t\t\t\t\t  \t\t\t<a href=\"?add-to-cart=631\" data-quantity=\"1\" data-product_id=\"631\" ><\/a>\n\t\t\t\t\t\t\t\t  \t\t\t\t\t\t\t\t<\/p>\n<\/figcaption><\/figure>\n<\/li>\n<li>\n<figure>\n\t\t\t\t\t\t<a href=\"https:\/\/gerardoschmedling.com\/blog\/producto\/alquimia-del-pensamiento-manual\/\"><img decoding=\"async\" src=\"https:\/\/gerardoschmedling.com\/blog\/wp-content\/uploads\/2023\/11\/11-.webp\" alt=\"img04\"><\/a><figcaption>\n<p>\n\t\t\t\t\t\t\t\t<a href=\"https:\/\/gerardoschmedling.com\/blog\/producto\/alquimia-del-pensamiento-manual\/\">Alquimia del pensamiento (Manual)<\/a>\n\t\t\t\t\t\t\t<\/p>\n<p><bdi>&#36;&nbsp;28.000<\/bdi><\/p>\n<p>\n\t\t\t\t\t\t\t\t  \t\t\t<a href=\"?add-to-cart=627\" data-quantity=\"1\" data-product_id=\"627\" ><\/a>\n\t\t\t\t\t\t\t\t  \t\t\t\t\t\t\t\t<\/p>\n<\/figcaption><\/figure>\n<\/li>\n<li>\n<figure>\n\t\t\t\t\t\t<a href=\"https:\/\/gerardoschmedling.com\/blog\/producto\/asumiendo-la-vida-con-sabiduria-manual\/\"><img decoding=\"async\" src=\"https:\/\/gerardoschmedling.com\/blog\/wp-content\/uploads\/2023\/11\/12-.webp\" alt=\"img04\"><\/a><figcaption>\n<p>\n\t\t\t\t\t\t\t\t<a href=\"https:\/\/gerardoschmedling.com\/blog\/producto\/asumiendo-la-vida-con-sabiduria-manual\/\">Asumiendo la vida con Sabidur\u00eda (Manual)<\/a>\n\t\t\t\t\t\t\t<\/p>\n<p><bdi>&#36;&nbsp;28.000<\/bdi><\/p>\n<p>\n\t\t\t\t\t\t\t\t  \t\t\t<a href=\"?add-to-cart=622\" data-quantity=\"1\" data-product_id=\"622\" ><\/a>\n\t\t\t\t\t\t\t\t  \t\t\t\t\t\t\t\t<\/p>\n<\/figcaption><\/figure>\n<\/li>\n<li>\n<figure>\n\t\t\t\t\t\t<a href=\"https:\/\/gerardoschmedling.com\/blog\/producto\/trascendiendo-las-limitaciones-manual\/\"><img decoding=\"async\" src=\"https:\/\/gerardoschmedling.com\/blog\/wp-content\/uploads\/2023\/11\/13-.webp\" alt=\"img04\"><\/a><figcaption>\n<p>\n\t\t\t\t\t\t\t\t<a href=\"https:\/\/gerardoschmedling.com\/blog\/producto\/trascendiendo-las-limitaciones-manual\/\">Trascendiendo las limitaciones (Manual)<\/a>\n\t\t\t\t\t\t\t<\/p>\n<p><bdi>&#36;&nbsp;28.000<\/bdi><\/p>\n<p>\n\t\t\t\t\t\t\t\t  \t\t\t<a href=\"?add-to-cart=612\" data-quantity=\"1\" data-product_id=\"612\" ><\/a>\n\t\t\t\t\t\t\t\t  \t\t\t\t\t\t\t\t<\/p>\n<\/figcaption><\/figure>\n<\/li>\n<li>\n<figure>\n\t\t\t\t\t\t<a href=\"https:\/\/gerardoschmedling.com\/blog\/producto\/incondicionalidad-una-forma-de-amar-manual\/\"><img decoding=\"async\" src=\"https:\/\/gerardoschmedling.com\/blog\/wp-content\/uploads\/2023\/11\/14-.webp\" alt=\"img04\"><\/a><figcaption>\n<p>\n\t\t\t\t\t\t\t\t<a href=\"https:\/\/gerardoschmedling.com\/blog\/producto\/incondicionalidad-una-forma-de-amar-manual\/\">Incondicionalidad una forma de amar (Manual)<\/a>\n\t\t\t\t\t\t\t<\/p>\n<p><bdi>&#36;&nbsp;28.000<\/bdi><\/p>\n<p>\n\t\t\t\t\t\t\t\t  \t\t\t<a href=\"?add-to-cart=610\" data-quantity=\"1\" data-product_id=\"610\" ><\/a>\n\t\t\t\t\t\t\t\t  \t\t\t\t\t\t\t\t<\/p>\n<\/figcaption><\/figure>\n<\/li>\n<li>\n<figure>\n\t\t\t\t\t\t<a href=\"https:\/\/gerardoschmedling.com\/blog\/producto\/creacion-divina-hecha-realidad-humana-manual\/\"><img decoding=\"async\" src=\"https:\/\/gerardoschmedling.com\/blog\/wp-content\/uploads\/2023\/11\/15-.webp\" alt=\"img04\"><\/a><figcaption>\n<p>\n\t\t\t\t\t\t\t\t<a href=\"https:\/\/gerardoschmedling.com\/blog\/producto\/creacion-divina-hecha-realidad-humana-manual\/\">Creaci\u00f3n divina hecha realidad humana (Manual)<\/a>\n\t\t\t\t\t\t\t<\/p>\n<p><bdi>&#36;&nbsp;28.000<\/bdi><\/p>\n<p>\n\t\t\t\t\t\t\t\t  \t\t\t<a href=\"?add-to-cart=608\" data-quantity=\"1\" data-product_id=\"608\" ><\/a>\n\t\t\t\t\t\t\t\t  \t\t\t\t\t\t\t\t<\/p>\n<\/figcaption><\/figure>\n<\/li>\n<li>\n<figure>\n\t\t\t\t\t\t<a href=\"https:\/\/gerardoschmedling.com\/blog\/producto\/escuela-de-padres-houdiho-juidno-manual\/\"><img decoding=\"async\" src=\"https:\/\/gerardoschmedling.com\/blog\/wp-content\/uploads\/2023\/11\/18-.webp\" alt=\"img04\"><\/a><figcaption>\n<p>\n\t\t\t\t\t\t\t\t<a href=\"https:\/\/gerardoschmedling.com\/blog\/producto\/escuela-de-padres-houdiho-juidno-manual\/\">Escuela de Padres Houdiho (Juid\u00f1o) (Manual)<\/a>\n\t\t\t\t\t\t\t<\/p>\n<p><bdi>&#36;&nbsp;28.000<\/bdi><\/p>\n<p>\n\t\t\t\t\t\t\t\t  \t\t\t<a href=\"?add-to-cart=607\" data-quantity=\"1\" data-product_id=\"607\" ><\/a>\n\t\t\t\t\t\t\t\t  \t\t\t\t\t\t\t\t<\/p>\n<\/figcaption><\/figure>\n<\/li>\n<li>\n<figure>\n\t\t\t\t\t\t<a href=\"https:\/\/gerardoschmedling.com\/blog\/producto\/encontrandote-con-el-reino-del-amor-universal-manual\/\"><img decoding=\"async\" src=\"https:\/\/gerardoschmedling.com\/blog\/wp-content\/uploads\/2023\/11\/16-.webp\" alt=\"img04\"><\/a><figcaption>\n<p>\n\t\t\t\t\t\t\t\t<a href=\"https:\/\/gerardoschmedling.com\/blog\/producto\/encontrandote-con-el-reino-del-amor-universal-manual\/\">Encontr\u00e1ndote con el reino del amor universal (Manual)<\/a>\n\t\t\t\t\t\t\t<\/p>\n<p><bdi>&#36;&nbsp;28.000<\/bdi><\/p>\n<p>\n\t\t\t\t\t\t\t\t  \t\t\t<a href=\"?add-to-cart=605\" data-quantity=\"1\" data-product_id=\"605\" ><\/a>\n\t\t\t\t\t\t\t\t  \t\t\t\t\t\t\t\t<\/p>\n<\/figcaption><\/figure>\n<\/li>\n<li>\n<figure>\n\t\t\t\t\t\t<a href=\"https:\/\/gerardoschmedling.com\/blog\/producto\/tu-eres-lo-mejor-de-ti-mismo-argollado\/\"><img decoding=\"async\" src=\"https:\/\/gerardoschmedling.com\/blog\/wp-content\/uploads\/2023\/11\/19-.webp\" alt=\"img04\"><\/a><figcaption>\n<p>\n\t\t\t\t\t\t\t\t<a href=\"https:\/\/gerardoschmedling.com\/blog\/producto\/tu-eres-lo-mejor-de-ti-mismo-argollado\/\">Tu Eres lo Mejor de Ti Mismo (Manual)<\/a>\n\t\t\t\t\t\t\t<\/p>\n<p><bdi>&#36;&nbsp;28.000<\/bdi><\/p>\n<p>\n\t\t\t\t\t\t\t\t  \t\t\t<a href=\"?add-to-cart=603\" data-quantity=\"1\" data-product_id=\"603\" ><\/a>\n\t\t\t\t\t\t\t\t  \t\t\t\t\t\t\t\t<\/p>\n<\/figcaption><\/figure>\n<\/li>\n<li>\n<figure>\n\t\t\t\t\t\t<a href=\"https:\/\/gerardoschmedling.com\/blog\/producto\/liderando-un-compromiso-con-la-prosperidad-argollado\/\"><img decoding=\"async\" src=\"https:\/\/gerardoschmedling.com\/blog\/wp-content\/uploads\/2023\/11\/20-.webp\" alt=\"img04\"><\/a><figcaption>\n<p>\n\t\t\t\t\t\t\t\t<a href=\"https:\/\/gerardoschmedling.com\/blog\/producto\/liderando-un-compromiso-con-la-prosperidad-argollado\/\">Liderando un Compromiso con la Prosperidad (Manual)<\/a>\n\t\t\t\t\t\t\t<\/p>\n<p><bdi>&#36;&nbsp;28.000<\/bdi><\/p>\n<p>\n\t\t\t\t\t\t\t\t  \t\t\t<a href=\"?add-to-cart=601\" data-quantity=\"1\" data-product_id=\"601\" ><\/a>\n\t\t\t\t\t\t\t\t  \t\t\t\t\t\t\t\t<\/p>\n<\/figcaption><\/figure>\n<\/li>\n<li>\n<figure>\n\t\t\t\t\t\t<a href=\"https:\/\/gerardoschmedling.com\/blog\/producto\/la-felicidad-en-pareja-y-familia-argollado\/\"><img decoding=\"async\" src=\"https:\/\/gerardoschmedling.com\/blog\/wp-content\/uploads\/2023\/11\/17-.webp\" alt=\"img04\"><\/a><figcaption>\n<p>\n\t\t\t\t\t\t\t\t<a href=\"https:\/\/gerardoschmedling.com\/blog\/producto\/la-felicidad-en-pareja-y-familia-argollado\/\">La Felicidad en Pareja y Familia (Manual)<\/a>\n\t\t\t\t\t\t\t<\/p>\n<p><bdi>&#36;&nbsp;28.000<\/bdi><\/p>\n<p>\n\t\t\t\t\t\t\t\t  \t\t\t<a href=\"?add-to-cart=599\" data-quantity=\"1\" data-product_id=\"599\" ><\/a>\n\t\t\t\t\t\t\t\t  \t\t\t\t\t\t\t\t<\/p>\n<\/figcaption><\/figure>\n<\/li>\n<\/ul>\n","protected":false},"excerpt":{"rendered":"<p>MANUALES PRODUCTO PREMIUM Colecci\u00f3n Completa Manuales En esta colecci\u00f3n puedes encontrar todos los 17 manuales f\u00edsicos argollados escritos directamente por Gerardo Schmedling y dise\u00f1ados por \u00e9l. QUIERO LA COLECCI\u00d3N COMPLETA Sociolog\u00eda De La Evoluci\u00f3n (Manual) &#36;&nbsp;28.000 Las Leyes Universales en la Vida Diaria (Manual) &#36;&nbsp;28.000 Manejo Pr\u00e1ctico de las Leyes de La vida (Manual) &#36;&nbsp;28.000 [&hellip;]<\/p>\n","protected":false},"author":1,"featured_media":0,"parent":0,"menu_order":0,"comment_status":"closed","ping_status":"closed","template":"","meta":{"footnotes":""},"class_list":["post-31","page","type-page","status-publish","hentry"],"_links":{"self":[{"href":"https:\/\/gerardoschmedling.com\/blog\/wp-json\/wp\/v2\/pages\/31","targetHints":{"allow":["GET"]}}],"collection":[{"href":"https:\/\/gerardoschmedling.com\/blog\/wp-json\/wp\/v2\/pages"}],"about":[{"href":"https:\/\/gerardoschmedling.com\/blog\/wp-json\/wp\/v2\/types\/page"}],"author":[{"embeddable":true,"href":"https:\/\/gerardoschmedling.com\/blog\/wp-json\/wp\/v2\/users\/1"}],"replies":[{"embeddable":true,"href":"https:\/\/gerardoschmedling.com\/blog\/wp-json\/wp\/v2\/comments?post=31"}],"version-history":[{"count":53,"href":"https:\/\/gerardoschmedling.com\/blog\/wp-json\/wp\/v2\/pages\/31\/revisions"}],"predecessor-version":[{"id":1685,"href":"https:\/\/gerardoschmedling.com\/blog\/wp-json\/wp\/v2\/pages\/31\/revisions\/1685"}],"wp:attachment":[{"href":"https:\/\/gerardoschmedling.com\/blog\/wp-json\/wp\/v2\/media?parent=31"}],"curies":[{"name":"wp","href":"https:\/\/api.w.org\/{rel}","templated":true}]}}