{"id":2,"date":"2023-11-07T14:14:41","date_gmt":"2023-11-07T14:14:41","guid":{"rendered":"https:\/\/gerardoschmedling.com\/blog\/?page_id=2"},"modified":"2024-01-18T17:02:30","modified_gmt":"2024-01-18T17:02:30","slug":"historia","status":"publish","type":"page","link":"https:\/\/gerardoschmedling.com\/blog\/historia\/","title":{"rendered":"Historia"},"content":{"rendered":"<p><svg aria-hidden=\"true\" viewBox=\"0 0 640 512\" xmlns=\"http:\/\/www.w3.org\/2000\/svg\"><path d=\"M204.8 230.4c-10.6-14.1-30.7-17-44.8-6.4-14.1 10.6-17 30.7-6.4 44.8l38.1 50.8c4.8 6.4 4.1 15.3-1.5 20.9l-12.8 12.8c-6.7 6.7-17.6 6.2-23.6-1.1L64 244.4V96c0-17.7-14.3-32-32-32S0 78.3 0 96v218.4c0 10.9 3.7 21.5 10.5 30l104.1 134.3c5 6.5 8.4 13.9 10.4 21.7 1.8 6.9 8.1 11.6 15.3 11.6H272c8.8 0 16-7.2 16-16V384c0-27.7-9-54.6-25.6-76.8l-57.6-76.8zM608 64c-17.7 0-32 14.3-32 32v148.4l-89.8 107.8c-6 7.2-17 7.7-23.6 1.1l-12.8-12.8c-5.6-5.6-6.3-14.5-1.5-20.9l38.1-50.8c10.6-14.1 7.7-34.2-6.4-44.8-14.1-10.6-34.2-7.7-44.8 6.4l-57.6 76.8C361 329.4 352 356.3 352 384v112c0 8.8 7.2 16 16 16h131.7c7.1 0 13.5-4.7 15.3-11.6 2-7.8 5.4-15.2 10.4-21.7l104.1-134.3c6.8-8.5 10.5-19.1 10.5-30V96c0-17.7-14.3-32-32-32z\"><\/path><\/svg>\t\t\t<\/p>\n<style>\/*! elementor - v3.18.0 - 20-12-2023 *\/\n.elementor-widget-divider{--divider-border-style:none;--divider-border-width:1px;--divider-color:#0c0d0e;--divider-icon-size:20px;--divider-element-spacing:10px;--divider-pattern-height:24px;--divider-pattern-size:20px;--divider-pattern-url:none;--divider-pattern-repeat:repeat-x}.elementor-widget-divider .elementor-divider{display:flex}.elementor-widget-divider .elementor-divider__text{font-size:15px;line-height:1;max-width:95%}.elementor-widget-divider .elementor-divider__element{margin:0 var(--divider-element-spacing);flex-shrink:0}.elementor-widget-divider .elementor-icon{font-size:var(--divider-icon-size)}.elementor-widget-divider .elementor-divider-separator{display:flex;margin:0;direction:ltr}.elementor-widget-divider--view-line_icon .elementor-divider-separator,.elementor-widget-divider--view-line_text .elementor-divider-separator{align-items:center}.elementor-widget-divider--view-line_icon .elementor-divider-separator:after,.elementor-widget-divider--view-line_icon .elementor-divider-separator:before,.elementor-widget-divider--view-line_text .elementor-divider-separator:after,.elementor-widget-divider--view-line_text .elementor-divider-separator:before{display:block;content:\"\";border-bottom:0;flex-grow:1;border-top:var(--divider-border-width) var(--divider-border-style) var(--divider-color)}.elementor-widget-divider--element-align-left .elementor-divider .elementor-divider-separator>.elementor-divider__svg:first-of-type{flex-grow:0;flex-shrink:100}.elementor-widget-divider--element-align-left .elementor-divider-separator:before{content:none}.elementor-widget-divider--element-align-left .elementor-divider__element{margin-left:0}.elementor-widget-divider--element-align-right .elementor-divider .elementor-divider-separator>.elementor-divider__svg:last-of-type{flex-grow:0;flex-shrink:100}.elementor-widget-divider--element-align-right .elementor-divider-separator:after{content:none}.elementor-widget-divider--element-align-right .elementor-divider__element{margin-right:0}.elementor-widget-divider:not(.elementor-widget-divider--view-line_text):not(.elementor-widget-divider--view-line_icon) .elementor-divider-separator{border-top:var(--divider-border-width) var(--divider-border-style) var(--divider-color)}.elementor-widget-divider--separator-type-pattern{--divider-border-style:none}.elementor-widget-divider--separator-type-pattern.elementor-widget-divider--view-line .elementor-divider-separator,.elementor-widget-divider--separator-type-pattern:not(.elementor-widget-divider--view-line) .elementor-divider-separator:after,.elementor-widget-divider--separator-type-pattern:not(.elementor-widget-divider--view-line) .elementor-divider-separator:before,.elementor-widget-divider--separator-type-pattern:not([class*=elementor-widget-divider--view]) .elementor-divider-separator{width:100%;min-height:var(--divider-pattern-height);-webkit-mask-size:var(--divider-pattern-size) 100%;mask-size:var(--divider-pattern-size) 100%;-webkit-mask-repeat:var(--divider-pattern-repeat);mask-repeat:var(--divider-pattern-repeat);background-color:var(--divider-color);-webkit-mask-image:var(--divider-pattern-url);mask-image:var(--divider-pattern-url)}.elementor-widget-divider--no-spacing{--divider-pattern-size:auto}.elementor-widget-divider--bg-round{--divider-pattern-repeat:round}.rtl .elementor-widget-divider .elementor-divider__text{direction:rtl}.e-con-inner>.elementor-widget-divider,.e-con>.elementor-widget-divider{width:var(--container-widget-width,100%);--flex-grow:var(--container-widget-flex-grow)}<\/style>\n<p>\t\t\t\tFAMILIA SCHMEDLING\t\t\t\t<\/p>\n<style>\/*! elementor - v3.18.0 - 20-12-2023 *\/\n.elementor-widget-image{text-align:center}.elementor-widget-image a{display:inline-block}.elementor-widget-image a img[src$=\".svg\"]{width:48px}.elementor-widget-image img{vertical-align:middle;display:inline-block}<\/style>\n<p>\t\t\t\t\t\t\t\t\t\t\t\t<img loading=\"lazy\" decoding=\"async\" width=\"168\" height=\"168\" src=\"https:\/\/gerardoschmedling.com\/blog\/wp-content\/uploads\/2023\/11\/emmanuel_schmedling.png\" alt=\"\" srcset=\"https:\/\/gerardoschmedling.com\/blog\/wp-content\/uploads\/2023\/11\/emmanuel_schmedling.png 168w, https:\/\/gerardoschmedling.com\/blog\/wp-content\/uploads\/2023\/11\/emmanuel_schmedling-100x100.png 100w, https:\/\/gerardoschmedling.com\/blog\/wp-content\/uploads\/2023\/11\/emmanuel_schmedling-150x150.png 150w\" sizes=\"auto, (max-width: 168px) 100vw, 168px\" \/>\t\t\t\t\t\t\t\t\t\t\t\t\t\t\t<\/p>\n<style>\/*! elementor - v3.18.0 - 20-12-2023 *\/\n.elementor-heading-title{padding:0;margin:0;line-height:1}.elementor-widget-heading .elementor-heading-title[class*=elementor-size-]>a{color:inherit;font-size:inherit;line-height:inherit}.elementor-widget-heading .elementor-heading-title.elementor-size-small{font-size:15px}.elementor-widget-heading .elementor-heading-title.elementor-size-medium{font-size:19px}.elementor-widget-heading .elementor-heading-title.elementor-size-large{font-size:29px}.elementor-widget-heading .elementor-heading-title.elementor-size-xl{font-size:39px}.elementor-widget-heading .elementor-heading-title.elementor-size-xxl{font-size:59px}<\/style>\n<h2>Introducci\u00f3n<\/h2>\n<p>Este prefacio ha sido preparado y editado por Ricardo y Enrique Schmedling Torres, conteniendo las reflexiones y afirmaciones diarias del autor, nuestro inolvidable hermano y maestro Gerardo Schmedling Torres. Aqu\u00ed tambi\u00e9n han sido recopiladas algunas frases sobresalientes de su extensa obra, compuesta adicionalmente de diecisiete t\u00edtulos, complementados con grabaciones en su propia voz, lo cual aporta mayor claridad, soporte y ampliaci\u00f3n fundamental a la parte literaria.<\/p>\n<p>En los postulados y el extenso trabajo de su autor, se aprecia ampliamente que no fue en vano el esfuerzo conjunto que la familia realiz\u00f3, durante una vida completa de cooperaci\u00f3n, amor y continuo aprendizaje, donde se pudo comprobar la pedagog\u00eda de la vida y del universo, sin gozar de privilegios para ninguno de los miembros familiares, pues los padres y los cuatro hijos asum\u00edan labores en iguales condiciones.<\/p>\n<p>\t\t\t\t\t\t\t\t\t\t\t\t\t\t\t<img loading=\"lazy\" decoding=\"async\" width=\"800\" height=\"501\" src=\"https:\/\/gerardoschmedling.com\/blog\/wp-content\/uploads\/2023\/11\/familia_schmedling_1985-large.webp\" alt=\"\" srcset=\"https:\/\/gerardoschmedling.com\/blog\/wp-content\/uploads\/2023\/11\/familia_schmedling_1985-large.webp 860w, https:\/\/gerardoschmedling.com\/blog\/wp-content\/uploads\/2023\/11\/familia_schmedling_1985-large-600x376.webp 600w, https:\/\/gerardoschmedling.com\/blog\/wp-content\/uploads\/2023\/11\/familia_schmedling_1985-large-300x188.webp 300w, https:\/\/gerardoschmedling.com\/blog\/wp-content\/uploads\/2023\/11\/familia_schmedling_1985-large-768x481.webp 768w\" sizes=\"auto, (max-width: 800px) 100vw, 800px\" \/>\t\t\t\t\t\t\t\t\t\t\t\t\t\t\t<\/p>\n<p>Nuestro padre Emmanuel, un ser de admirables virtudes, consagr\u00f3 en la familia su dedicaci\u00f3n al servicio y la b\u00fasqueda de la luz, as\u00ed transmiti\u00f3 al conjunto familiar grandes conocimientos, que asimil\u00f3 directamente en contacto, vivencia y experiencia directa, con maestros de luz que sirven al planeta para transmitir el amor del Padre Universal, despejando la oscuridad de los humanos, que han avanzado suficiente, en desarrollar comprensi\u00f3n superior del amor y la armon\u00eda.\u00a0<\/p>\n<p>En conjunto con Gerardo, la mam\u00e1 y los tres hermanos se trabaj\u00f3 y vivi\u00f3 con el prop\u00f3sito de ser instrumentos de la luz al servicio del amor universal.<\/p>\n<p>Fue as\u00ed como posteriormente al fallecer nuestro padre en el a\u00f1o de 1976, nuestra madre y sus cuatro hijos, continuamos permanentemente unidos, trabajando por una causa com\u00fan.\u00a0<\/p>\n<p>Continuamos desarrollando una industria casera que hab\u00eda iniciado nuestro padre y posteriormente tambi\u00e9n adicionamos el proceso de la panader\u00eda de productos integrales, \u00fanicos en su g\u00e9nero y calidad, dentro de este devenir seguimos trabajando conjuntamente por el crecimiento interno y el desarrollo de conciencia.\u00a0<\/p>\n<p>Iniciados y guiados en esta segunda etapa por un muy querido y apreciado amigo y hermano espiritual, quien fue delegado por hermanos mayores y maestros universales de la luz, para asistirnos en el trance, al quedarnos sin la gu\u00eda de nuestro padre.<\/p>\n<p>\t\t\t<svg aria-hidden=\"true\" viewBox=\"0 0 576 512\" xmlns=\"http:\/\/www.w3.org\/2000\/svg\"><path d=\"M275.3 250.5c7 7.4 18.4 7.4 25.5 0l108.9-114.2c31.6-33.2 29.8-88.2-5.6-118.8-30.8-26.7-76.7-21.9-104.9 7.7L288 36.9l-11.1-11.6C248.7-4.4 202.8-9.2 172 17.5c-35.3 30.6-37.2 85.6-5.6 118.8l108.9 114.2zm290 77.6c-11.8-10.7-30.2-10-42.6 0L430.3 402c-11.3 9.1-25.4 14-40 14H272c-8.8 0-16-7.2-16-16s7.2-16 16-16h78.3c15.9 0 30.7-10.9 33.3-26.6 3.3-20-12.1-37.4-31.6-37.4H192c-27 0-53.1 9.3-74.1 26.3L71.4 384H16c-8.8 0-16 7.2-16 16v96c0 8.8 7.2 16 16 16h356.8c14.5 0 28.6-4.9 40-14L564 377c15.2-12.1 16.4-35.3 1.3-48.9z\"><\/path><\/svg><br \/>\n\t\t\t\tLa Verdad Y La Sabidur\u00eda Son El Resultado De Haber Aprendido De Los Errores<br \/>\n\t\t\t\t\t\t\t\t\t\t\t\t\t\t\t<img loading=\"lazy\" decoding=\"async\" width=\"345\" height=\"215\" src=\"https:\/\/gerardoschmedling.com\/blog\/wp-content\/uploads\/2023\/11\/ricardo-y-enrique-schmedling-2-large.webp\" alt=\"\" srcset=\"https:\/\/gerardoschmedling.com\/blog\/wp-content\/uploads\/2023\/11\/ricardo-y-enrique-schmedling-2-large.webp 345w, https:\/\/gerardoschmedling.com\/blog\/wp-content\/uploads\/2023\/11\/ricardo-y-enrique-schmedling-2-large-300x187.webp 300w\" sizes=\"auto, (max-width: 345px) 100vw, 345px\" \/><br \/>\n\t\t\t\t\t\t\t\t\t\t\t\t\t\t\t<img loading=\"lazy\" decoding=\"async\" width=\"373\" height=\"512\" src=\"https:\/\/gerardoschmedling.com\/blog\/wp-content\/uploads\/2023\/11\/gerardo-Schemdling1.png\" alt=\"\" srcset=\"https:\/\/gerardoschmedling.com\/blog\/wp-content\/uploads\/2023\/11\/gerardo-Schemdling1.png 373w, https:\/\/gerardoschmedling.com\/blog\/wp-content\/uploads\/2023\/11\/gerardo-Schemdling1-219x300.png 219w\" sizes=\"auto, (max-width: 373px) 100vw, 373px\" \/>\t\t\t\t\t\t\t\t\t\t\t\t\t\t\t<\/p>\n<p>En el a\u00f1o de 1985 comienza una tercera etapa en nuestras vidas, cuando Gerardo comienza un despertar superior de conciencia y se inicia el proceso en que \u00e9l con el apoyo del conjunto familiar, despega paulatinamente y empieza a acelerar su propio proceso de conciencia, recibiendo internamente la gu\u00eda personal y directa del maestro de luz universal, asignado especialmente a Gerardo por altas jerarqu\u00edas de amor y sabidur\u00eda, para hacer posible y adecuada, la profunda, di\u00e1fana y liberadora informaci\u00f3n del Padre Creador, beneficiando inconmensurablemente a quienes con justo anhelo y honesto prop\u00f3sito trabajan sin desmayo sobre s\u00ed mismos, para dar ejemplo de amor, prestando de manera coherente y armoniosa, el invaluable servicio de mostrar el camino a la paz interior en el coraz\u00f3n del ser humano. Lo cual constituye la incre\u00edble liberaci\u00f3n del sufrimiento, que ha doblegado por siglos a los habitantes de un mundo aparentemente sin explicaci\u00f3n.<\/p>\n<p>Con el prop\u00f3sito de amor legado por Gerardo y el apoyo y trabajo de la familia completa, se hizo posible la realizaci\u00f3n de un breviario, que ahora presentan Ricardo y Enrique Schmedling como homenaje y reconocimiento de afecto y amor al n\u00facleo familiar, constituido con inmenso compromiso con el servicio de apoyo, a los seres que han abierto su coraz\u00f3n para cooperar con la verdad liberadora que los maestros del universo proyectan, ofreciendo el amor del Padre emanado desde el absoluto inmanifestado.<\/p>\n","protected":false},"excerpt":{"rendered":"<p>FAMILIA SCHMEDLING Introducci\u00f3n Este prefacio ha sido preparado y editado por Ricardo y Enrique Schmedling Torres, conteniendo las reflexiones y afirmaciones diarias del autor, nuestro inolvidable hermano y maestro Gerardo Schmedling Torres. Aqu\u00ed tambi\u00e9n han sido recopiladas algunas frases sobresalientes de su extensa obra, compuesta adicionalmente de diecisiete t\u00edtulos, complementados con grabaciones en su propia [&hellip;]<\/p>\n","protected":false},"author":1,"featured_media":0,"parent":0,"menu_order":0,"comment_status":"closed","ping_status":"closed","template":"","meta":{"footnotes":""},"class_list":["post-2","page","type-page","status-publish","hentry"],"_links":{"self":[{"href":"https:\/\/gerardoschmedling.com\/blog\/wp-json\/wp\/v2\/pages\/2","targetHints":{"allow":["GET"]}}],"collection":[{"href":"https:\/\/gerardoschmedling.com\/blog\/wp-json\/wp\/v2\/pages"}],"about":[{"href":"https:\/\/gerardoschmedling.com\/blog\/wp-json\/wp\/v2\/types\/page"}],"author":[{"embeddable":true,"href":"https:\/\/gerardoschmedling.com\/blog\/wp-json\/wp\/v2\/users\/1"}],"replies":[{"embeddable":true,"href":"https:\/\/gerardoschmedling.com\/blog\/wp-json\/wp\/v2\/comments?post=2"}],"version-history":[{"count":37,"href":"https:\/\/gerardoschmedling.com\/blog\/wp-json\/wp\/v2\/pages\/2\/revisions"}],"predecessor-version":[{"id":1270,"href":"https:\/\/gerardoschmedling.com\/blog\/wp-json\/wp\/v2\/pages\/2\/revisions\/1270"}],"wp:attachment":[{"href":"https:\/\/gerardoschmedling.com\/blog\/wp-json\/wp\/v2\/media?parent=2"}],"curies":[{"name":"wp","href":"https:\/\/api.w.org\/{rel}","templated":true}]}}